{"id":13666,"date":"2022-09-09T09:19:27","date_gmt":"2022-09-09T09:19:27","guid":{"rendered":"https:\/\/skin2go.r-s.space\/product\/xm1014-zombie-offensive\/"},"modified":"2025-08-21T13:54:20","modified_gmt":"2025-08-21T13:54:20","slug":"xm1014-zombie-offensive","status":"publish","type":"product","link":"https:\/\/skintrade.org\/pt-pt\/produto\/xm1014-zombie-offensive\/","title":{"rendered":"Zombie Offensive"},"content":{"rendered":"<p>O design da skin \u00e9 feito em estilo de banda desenhada. O receptor, o cano e o carregador foram pintados com um padr\u00e3o de uma multid\u00e3o multicolorida composta por antiterroristas e zombies. As outras partes da arma n\u00e3o foram pintadas.<\/p>\n","protected":false},"excerpt":{"rendered":"<p>O design da skin \u00e9 feito em estilo de banda desenhada. O receptor, o cano e o carregador foram pintados com um padr\u00e3o de uma multid\u00e3o multicolorida composta por antiterroristas e zombies. As outras partes da arma n\u00e3o foram pintadas.<\/p>\n","protected":false},"featured_media":11980,"template":"","meta":[],"product_brand":[],"product_cat":[281,294,300],"product_tag":[],"class_list":{"0":"post-13666","1":"product","2":"type-product","3":"status-publish","4":"has-post-thumbnail","6":"product_cat-a-colecao-dreams-nightmares","7":"product_cat-arma-pesada","8":"product_cat-xm1014-pt-pt","9":"pa_rarity-restrito","10":"pa_start-four-stars-pt-pt","11":"pa_subcategories-xm1014-pt-pt","13":"first","14":"instock","15":"shipping-taxable","16":"purchasable","17":"product-type-simple"},"_links":{"self":[{"href":"https:\/\/skintrade.org\/pt-pt\/wp-json\/wp\/v2\/product\/13666","targetHints":{"allow":["GET"]}}],"collection":[{"href":"https:\/\/skintrade.org\/pt-pt\/wp-json\/wp\/v2\/product"}],"about":[{"href":"https:\/\/skintrade.org\/pt-pt\/wp-json\/wp\/v2\/types\/product"}],"wp:featuredmedia":[{"embeddable":true,"href":"https:\/\/skintrade.org\/pt-pt\/wp-json\/wp\/v2\/media\/11980"}],"wp:attachment":[{"href":"https:\/\/skintrade.org\/pt-pt\/wp-json\/wp\/v2\/media?parent=13666"}],"wp:term":[{"taxonomy":"product_brand","embeddable":true,"href":"https:\/\/skintrade.org\/pt-pt\/wp-json\/wp\/v2\/product_brand?post=13666"},{"taxonomy":"product_cat","embeddable":true,"href":"https:\/\/skintrade.org\/pt-pt\/wp-json\/wp\/v2\/product_cat?post=13666"},{"taxonomy":"product_tag","embeddable":true,"href":"https:\/\/skintrade.org\/pt-pt\/wp-json\/wp\/v2\/product_tag?post=13666"}],"curies":[{"name":"wp","href":"https:\/\/api.w.org\/{rel}","templated":true}]}}