{"id":13665,"date":"2022-09-09T09:27:23","date_gmt":"2022-09-09T09:27:23","guid":{"rendered":"https:\/\/skin2go.r-s.space\/product\/g3sg1-dream-glade\/"},"modified":"2025-08-21T13:54:30","modified_gmt":"2025-08-21T13:54:30","slug":"g3sg1-dream-glade","status":"publish","type":"product","link":"https:\/\/skintrade.org\/pt-pt\/produto\/g3sg1-dream-glade\/","title":{"rendered":"Dream Glade"},"content":{"rendered":"<p>Este estilo permite uma apar\u00eancia extremamente personalizada numa gama completa de cores. A parte central da espingarda foi pintada com uma imagem de pequenas criaturas desconhecidas contra um c\u00e9u azul. O resto da arma est\u00e1 adornado com um padr\u00e3o de folhas verdes de v\u00e1rias plantas. O padr\u00e3o apresenta detalhes em forma de olhos redondos brancos. As pequenas partes individuais da arma est\u00e3o pintadas de verde escuro s\u00f3lido.<\/p>\n","protected":false},"excerpt":{"rendered":"<p>Este estilo permite uma apar\u00eancia extremamente personalizada numa gama completa de cores. A parte central da espingarda foi pintada com uma imagem de pequenas criaturas desconhecidas contra um c\u00e9u azul. O resto da arma est\u00e1 adornado com um padr\u00e3o de folhas verdes de v\u00e1rias plantas. O padr\u00e3o apresenta detalhes em forma de olhos redondos brancos. [&#8230;]\n","protected":false},"featured_media":11983,"template":"","meta":[],"product_brand":[],"product_cat":[281,269,335],"product_tag":[],"class_list":{"0":"post-13665","1":"product","2":"type-product","3":"status-publish","4":"has-post-thumbnail","6":"product_cat-a-colecao-dreams-nightmares","7":"product_cat-espingarda","8":"product_cat-g3sg1-pt-pt","9":"pa_rarity-restrito","10":"pa_start-three-stars-pt-pt","11":"pa_subcategories-g3sg1-pt-pt","13":"first","14":"instock","15":"shipping-taxable","16":"purchasable","17":"product-type-simple"},"_links":{"self":[{"href":"https:\/\/skintrade.org\/pt-pt\/wp-json\/wp\/v2\/product\/13665","targetHints":{"allow":["GET"]}}],"collection":[{"href":"https:\/\/skintrade.org\/pt-pt\/wp-json\/wp\/v2\/product"}],"about":[{"href":"https:\/\/skintrade.org\/pt-pt\/wp-json\/wp\/v2\/types\/product"}],"wp:featuredmedia":[{"embeddable":true,"href":"https:\/\/skintrade.org\/pt-pt\/wp-json\/wp\/v2\/media\/11983"}],"wp:attachment":[{"href":"https:\/\/skintrade.org\/pt-pt\/wp-json\/wp\/v2\/media?parent=13665"}],"wp:term":[{"taxonomy":"product_brand","embeddable":true,"href":"https:\/\/skintrade.org\/pt-pt\/wp-json\/wp\/v2\/product_brand?post=13665"},{"taxonomy":"product_cat","embeddable":true,"href":"https:\/\/skintrade.org\/pt-pt\/wp-json\/wp\/v2\/product_cat?post=13665"},{"taxonomy":"product_tag","embeddable":true,"href":"https:\/\/skintrade.org\/pt-pt\/wp-json\/wp\/v2\/product_tag?post=13665"}],"curies":[{"name":"wp","href":"https:\/\/api.w.org\/{rel}","templated":true}]}}