{"id":13664,"date":"2022-09-09T09:30:39","date_gmt":"2022-09-09T09:30:39","guid":{"rendered":"https:\/\/skin2go.r-s.space\/product\/mac-10-ensnared\/"},"modified":"2023-04-28T10:08:27","modified_gmt":"2023-04-28T10:08:27","slug":"mac-10-ensnared","status":"publish","type":"product","link":"https:\/\/skintrade.org\/pt-pt\/produto\/mac-10-ensnared\/","title":{"rendered":"Ensnared"},"content":{"rendered":"<p>Este estilo permite uma apar\u00eancia extremamente personalizada numa gama completa de cores. A skin foi pintada num esquema de cores preto e branco. O receptor da submetralhadora foi pintado com imagens de tr\u00eas duendes envoltos em n\u00e9voa. O punho e parte do corpo n\u00e3o est\u00e3o pintados e est\u00e3o gravados com linhas rectas, folhas e asas de borboleta.<\/p>\n","protected":false},"excerpt":{"rendered":"<p>Este estilo permite uma apar\u00eancia extremamente personalizada numa gama completa de cores. A skin foi pintada num esquema de cores preto e branco. O receptor da submetralhadora foi pintado com imagens de tr\u00eas duendes envoltos em n\u00e9voa. O punho e parte do corpo n\u00e3o est\u00e3o pintados e est\u00e3o gravados com linhas rectas, folhas e asas [&#8230;]\n","protected":false},"featured_media":11986,"template":"","meta":[],"product_brand":[],"product_cat":[281,343,342],"product_tag":[],"class_list":{"0":"post-13664","1":"product","2":"type-product","3":"status-publish","4":"has-post-thumbnail","6":"product_cat-a-colecao-dreams-nightmares","7":"product_cat-mac-10-pt-pt","8":"product_cat-submetralhadoras","9":"pa_rarity-padrao-militar","10":"pa_start-five-stars-pt-pt","11":"pa_subcategories-mac-10-pt-pt","13":"first","14":"instock","15":"shipping-taxable","16":"purchasable","17":"product-type-simple"},"_links":{"self":[{"href":"https:\/\/skintrade.org\/pt-pt\/wp-json\/wp\/v2\/product\/13664","targetHints":{"allow":["GET"]}}],"collection":[{"href":"https:\/\/skintrade.org\/pt-pt\/wp-json\/wp\/v2\/product"}],"about":[{"href":"https:\/\/skintrade.org\/pt-pt\/wp-json\/wp\/v2\/types\/product"}],"wp:featuredmedia":[{"embeddable":true,"href":"https:\/\/skintrade.org\/pt-pt\/wp-json\/wp\/v2\/media\/11986"}],"wp:attachment":[{"href":"https:\/\/skintrade.org\/pt-pt\/wp-json\/wp\/v2\/media?parent=13664"}],"wp:term":[{"taxonomy":"product_brand","embeddable":true,"href":"https:\/\/skintrade.org\/pt-pt\/wp-json\/wp\/v2\/product_brand?post=13664"},{"taxonomy":"product_cat","embeddable":true,"href":"https:\/\/skintrade.org\/pt-pt\/wp-json\/wp\/v2\/product_cat?post=13664"},{"taxonomy":"product_tag","embeddable":true,"href":"https:\/\/skintrade.org\/pt-pt\/wp-json\/wp\/v2\/product_tag?post=13664"}],"curies":[{"name":"wp","href":"https:\/\/api.w.org\/{rel}","templated":true}]}}