{"id":13662,"date":"2022-09-09T09:34:52","date_gmt":"2022-09-09T09:34:52","guid":{"rendered":"https:\/\/skin2go.r-s.space\/product\/five-seven-scrawl\/"},"modified":"2023-04-28T10:04:26","modified_gmt":"2023-04-28T10:04:26","slug":"five-seven-scrawl","status":"publish","type":"product","link":"https:\/\/skintrade.org\/pt-pt\/produto\/five-seven-scrawl\/","title":{"rendered":"Scrawl"},"content":{"rendered":"<p>O design da skin \u00e9 feito ao estilo da arte de rua. Todo o corpo da pistola foi pintado de forma irregular em tons escuros de amarelo e azul-petr\u00f3leo. O design apresenta uma imagem desenhada \u00e0 m\u00e3o de uma caveira preta, um olho aberto e um homem voador, bem como alguns elementos gr\u00e1ficos.<\/p>\n","protected":false},"excerpt":{"rendered":"<p>O design da skin \u00e9 feito ao estilo da arte de rua. Todo o corpo da pistola foi pintado de forma irregular em tons escuros de amarelo e azul-petr\u00f3leo. O design apresenta uma imagem desenhada \u00e0 m\u00e3o de uma caveira preta, um olho aberto e um homem voador, bem como alguns elementos gr\u00e1ficos.<\/p>\n","protected":false},"featured_media":11989,"template":"","meta":[],"product_brand":[],"product_cat":[281,325,321],"product_tag":[],"class_list":{"0":"post-13662","1":"product","2":"type-product","3":"status-publish","4":"has-post-thumbnail","6":"product_cat-a-colecao-dreams-nightmares","7":"product_cat-five-seven-pt-pt","8":"product_cat-pistolas","9":"pa_rarity-padrao-militar","10":"pa_start-three-stars-pt-pt","11":"pa_subcategories-five-seven-pt-pt","13":"first","14":"instock","15":"shipping-taxable","16":"purchasable","17":"product-type-simple"},"_links":{"self":[{"href":"https:\/\/skintrade.org\/pt-pt\/wp-json\/wp\/v2\/product\/13662","targetHints":{"allow":["GET"]}}],"collection":[{"href":"https:\/\/skintrade.org\/pt-pt\/wp-json\/wp\/v2\/product"}],"about":[{"href":"https:\/\/skintrade.org\/pt-pt\/wp-json\/wp\/v2\/types\/product"}],"wp:featuredmedia":[{"embeddable":true,"href":"https:\/\/skintrade.org\/pt-pt\/wp-json\/wp\/v2\/media\/11989"}],"wp:attachment":[{"href":"https:\/\/skintrade.org\/pt-pt\/wp-json\/wp\/v2\/media?parent=13662"}],"wp:term":[{"taxonomy":"product_brand","embeddable":true,"href":"https:\/\/skintrade.org\/pt-pt\/wp-json\/wp\/v2\/product_brand?post=13662"},{"taxonomy":"product_cat","embeddable":true,"href":"https:\/\/skintrade.org\/pt-pt\/wp-json\/wp\/v2\/product_cat?post=13662"},{"taxonomy":"product_tag","embeddable":true,"href":"https:\/\/skintrade.org\/pt-pt\/wp-json\/wp\/v2\/product_tag?post=13662"}],"curies":[{"name":"wp","href":"https:\/\/api.w.org\/{rel}","templated":true}]}}