{"id":13661,"date":"2022-09-09T09:39:27","date_gmt":"2022-09-09T09:39:27","guid":{"rendered":"https:\/\/skin2go.r-s.space\/product\/mag-7-foresight\/"},"modified":"2025-08-21T13:54:28","modified_gmt":"2025-08-21T13:54:28","slug":"mag-7-foresight","status":"publish","type":"product","link":"https:\/\/skintrade.org\/pt-pt\/produto\/mag-7-foresight\/","title":{"rendered":"Foresight"},"content":{"rendered":"<p>O receptor e a pega foram pintados com a imagem de um polvo contra o c\u00edrculo solar. O desenho inclui imagens de planetas e s\u00edmbolos astrol\u00f3gicos. O desenho do receptor inclui tamb\u00e9m duas placas com as palavras &#8220;LOSE&#8221; e &#8220;WIN&#8221;. Uma imagem do olho que tudo v\u00ea est\u00e1 localizada no guarda-m\u00e3o. O esquema de cores da skin inclui v\u00e1rios tons de cinzento, bem como v\u00e1rios detalhes em dourado.<\/p>\n","protected":false},"excerpt":{"rendered":"<p>O receptor e a pega foram pintados com a imagem de um polvo contra o c\u00edrculo solar. O desenho inclui imagens de planetas e s\u00edmbolos astrol\u00f3gicos. O desenho do receptor inclui tamb\u00e9m duas placas com as palavras &#8220;LOSE&#8221; e &#8220;WIN&#8221;. Uma imagem do olho que tudo v\u00ea est\u00e1 localizada no guarda-m\u00e3o. O esquema de cores [&#8230;]\n","protected":false},"featured_media":11992,"template":"","meta":[],"product_brand":[],"product_cat":[281,294,296],"product_tag":[],"class_list":{"0":"post-13661","1":"product","2":"type-product","3":"status-publish","4":"has-post-thumbnail","6":"product_cat-a-colecao-dreams-nightmares","7":"product_cat-arma-pesada","8":"product_cat-mag-7-pt-pt","9":"pa_rarity-padrao-militar","10":"pa_start-two-stars-pt-pt","11":"pa_subcategories-mag-7-pt-pt","13":"first","14":"instock","15":"shipping-taxable","16":"purchasable","17":"product-type-simple"},"_links":{"self":[{"href":"https:\/\/skintrade.org\/pt-pt\/wp-json\/wp\/v2\/product\/13661","targetHints":{"allow":["GET"]}}],"collection":[{"href":"https:\/\/skintrade.org\/pt-pt\/wp-json\/wp\/v2\/product"}],"about":[{"href":"https:\/\/skintrade.org\/pt-pt\/wp-json\/wp\/v2\/types\/product"}],"wp:featuredmedia":[{"embeddable":true,"href":"https:\/\/skintrade.org\/pt-pt\/wp-json\/wp\/v2\/media\/11992"}],"wp:attachment":[{"href":"https:\/\/skintrade.org\/pt-pt\/wp-json\/wp\/v2\/media?parent=13661"}],"wp:term":[{"taxonomy":"product_brand","embeddable":true,"href":"https:\/\/skintrade.org\/pt-pt\/wp-json\/wp\/v2\/product_brand?post=13661"},{"taxonomy":"product_cat","embeddable":true,"href":"https:\/\/skintrade.org\/pt-pt\/wp-json\/wp\/v2\/product_cat?post=13661"},{"taxonomy":"product_tag","embeddable":true,"href":"https:\/\/skintrade.org\/pt-pt\/wp-json\/wp\/v2\/product_tag?post=13661"}],"curies":[{"name":"wp","href":"https:\/\/api.w.org\/{rel}","templated":true}]}}