{"id":13660,"date":"2022-09-09T09:46:59","date_gmt":"2022-09-09T09:46:59","guid":{"rendered":"https:\/\/skin2go.r-s.space\/product\/scar-20-poultrygeist\/"},"modified":"2023-04-28T09:57:27","modified_gmt":"2023-04-28T09:57:27","slug":"scar-20-poultrygeist","status":"publish","type":"product","link":"https:\/\/skintrade.org\/pt-pt\/produto\/scar-20-poultrygeist\/","title":{"rendered":"Poultrygeist"},"content":{"rendered":"<p>Todo o corpo da espingarda foi pintado com um padr\u00e3o de numerosas galinhas na orla da floresta. As galinhas t\u00eam cicatrizes e algumas delas est\u00e3o armadas. O desenho tamb\u00e9m apresenta imagens de peixes e numerosas linhas onduladas. O esquema de cores da skin inclui v\u00e1rios tons de bege, vermelho e roxo.<\/p>\n","protected":false},"excerpt":{"rendered":"<p>Todo o corpo da espingarda foi pintado com um padr\u00e3o de numerosas galinhas na orla da floresta. As galinhas t\u00eam cicatrizes e algumas delas est\u00e3o armadas. O desenho tamb\u00e9m apresenta imagens de peixes e numerosas linhas onduladas. O esquema de cores da skin inclui v\u00e1rios tons de bege, vermelho e roxo.<\/p>\n","protected":false},"featured_media":11999,"template":"","meta":[],"product_brand":[],"product_cat":[281,269,339],"product_tag":[],"class_list":{"0":"post-13660","1":"product","2":"type-product","3":"status-publish","4":"has-post-thumbnail","6":"product_cat-a-colecao-dreams-nightmares","7":"product_cat-espingarda","8":"product_cat-scar-20-pt-pt","9":"pa_rarity-padrao-militar","10":"pa_start-five-stars-pt-pt","11":"pa_subcategories-scar-20-pt-pt","13":"first","14":"instock","15":"shipping-taxable","16":"purchasable","17":"product-type-simple"},"_links":{"self":[{"href":"https:\/\/skintrade.org\/pt-pt\/wp-json\/wp\/v2\/product\/13660","targetHints":{"allow":["GET"]}}],"collection":[{"href":"https:\/\/skintrade.org\/pt-pt\/wp-json\/wp\/v2\/product"}],"about":[{"href":"https:\/\/skintrade.org\/pt-pt\/wp-json\/wp\/v2\/types\/product"}],"wp:featuredmedia":[{"embeddable":true,"href":"https:\/\/skintrade.org\/pt-pt\/wp-json\/wp\/v2\/media\/11999"}],"wp:attachment":[{"href":"https:\/\/skintrade.org\/pt-pt\/wp-json\/wp\/v2\/media?parent=13660"}],"wp:term":[{"taxonomy":"product_brand","embeddable":true,"href":"https:\/\/skintrade.org\/pt-pt\/wp-json\/wp\/v2\/product_brand?post=13660"},{"taxonomy":"product_cat","embeddable":true,"href":"https:\/\/skintrade.org\/pt-pt\/wp-json\/wp\/v2\/product_cat?post=13660"},{"taxonomy":"product_tag","embeddable":true,"href":"https:\/\/skintrade.org\/pt-pt\/wp-json\/wp\/v2\/product_tag?post=13660"}],"curies":[{"name":"wp","href":"https:\/\/api.w.org\/{rel}","templated":true}]}}