{"id":13659,"date":"2022-09-09T09:42:20","date_gmt":"2022-09-09T09:42:20","guid":{"rendered":"https:\/\/skin2go.r-s.space\/product\/mp5-sd-necro-jr\/"},"modified":"2023-04-28T09:57:03","modified_gmt":"2023-04-28T09:57:03","slug":"mp5-sd-necro-jr","status":"publish","type":"product","link":"https:\/\/skintrade.org\/pt-pt\/produto\/mp5-sd-necro-jr\/","title":{"rendered":"Necro Jr."},"content":{"rendered":"<p>O design da skin \u00e9 feito em estilo de desenho animado. O corpo da submetralhadora foi pintado de castanho escuro e complementado por imagens de criaturas engra\u00e7adas e multicoloridas. O cano apresenta uma imagem de uma cabe\u00e7a de galinha com um pesco\u00e7o comprido, bico aberto e olhos esbugalhados. O guarda-m\u00e3o n\u00e3o est\u00e1 pintado e est\u00e1 gravado com cord\u00f5es de pontos volum\u00e9tricos.<\/p>\n","protected":false},"excerpt":{"rendered":"<p>O design da skin \u00e9 feito em estilo de desenho animado. O corpo da submetralhadora foi pintado de castanho escuro e complementado por imagens de criaturas engra\u00e7adas e multicoloridas. O cano apresenta uma imagem de uma cabe\u00e7a de galinha com um pesco\u00e7o comprido, bico aberto e olhos esbugalhados. O guarda-m\u00e3o n\u00e3o est\u00e1 pintado e est\u00e1 [&#8230;]\n","protected":false},"featured_media":11996,"template":"","meta":[],"product_brand":[],"product_cat":[281,344,342],"product_tag":[],"class_list":{"0":"post-13659","1":"product","2":"type-product","3":"status-publish","4":"has-post-thumbnail","6":"product_cat-a-colecao-dreams-nightmares","7":"product_cat-mp5-sd-pt-pt","8":"product_cat-submetralhadoras","9":"pa_rarity-padrao-militar","10":"pa_start-three-stars-pt-pt","11":"pa_subcategories-mp5-sd-pt-pt","13":"first","14":"instock","15":"shipping-taxable","16":"purchasable","17":"product-type-simple"},"_links":{"self":[{"href":"https:\/\/skintrade.org\/pt-pt\/wp-json\/wp\/v2\/product\/13659","targetHints":{"allow":["GET"]}}],"collection":[{"href":"https:\/\/skintrade.org\/pt-pt\/wp-json\/wp\/v2\/product"}],"about":[{"href":"https:\/\/skintrade.org\/pt-pt\/wp-json\/wp\/v2\/types\/product"}],"wp:featuredmedia":[{"embeddable":true,"href":"https:\/\/skintrade.org\/pt-pt\/wp-json\/wp\/v2\/media\/11996"}],"wp:attachment":[{"href":"https:\/\/skintrade.org\/pt-pt\/wp-json\/wp\/v2\/media?parent=13659"}],"wp:term":[{"taxonomy":"product_brand","embeddable":true,"href":"https:\/\/skintrade.org\/pt-pt\/wp-json\/wp\/v2\/product_brand?post=13659"},{"taxonomy":"product_cat","embeddable":true,"href":"https:\/\/skintrade.org\/pt-pt\/wp-json\/wp\/v2\/product_cat?post=13659"},{"taxonomy":"product_tag","embeddable":true,"href":"https:\/\/skintrade.org\/pt-pt\/wp-json\/wp\/v2\/product_tag?post=13659"}],"curies":[{"name":"wp","href":"https:\/\/api.w.org\/{rel}","templated":true}]}}