{"id":13658,"date":"2022-09-09T10:01:44","date_gmt":"2022-09-09T10:01:44","guid":{"rendered":"https:\/\/skin2go.r-s.space\/product\/awp-desert-hydra\/"},"modified":"2023-04-28T09:54:19","modified_gmt":"2023-04-28T09:54:19","slug":"awp-desert-hydra","status":"publish","type":"product","link":"https:\/\/skintrade.org\/pt-pt\/produto\/awp-desert-hydra\/","title":{"rendered":"Desert Hydra"},"content":{"rendered":"<p>O corpo da espingarda foi pintado com uma imagem pormenorizada de uma hidra com v\u00e1rias cabe\u00e7as apontadas para o cano. O corpo da hidra \u00e9 pintado de bege, os olhos e a boca do monstro s\u00e3o de cor azul-petr\u00f3leo neon. O fundo \u00e9 pintado num esquema de cores amarelo-rosa e apresenta ornamentos complexos e transi\u00e7\u00f5es de gradiente.<\/p>\n","protected":false},"excerpt":{"rendered":"<p>O corpo da espingarda foi pintado com uma imagem pormenorizada de uma hidra com v\u00e1rias cabe\u00e7as apontadas para o cano. O corpo da hidra \u00e9 pintado de bege, os olhos e a boca do monstro s\u00e3o de cor azul-petr\u00f3leo neon. O fundo \u00e9 pintado num esquema de cores amarelo-rosa e apresenta ornamentos complexos e transi\u00e7\u00f5es [&#8230;]\n","protected":false},"featured_media":12008,"template":"","meta":[],"product_brand":[],"product_cat":[278,333,269],"product_tag":[],"class_list":{"0":"post-13658","1":"product","2":"type-product","3":"status-publish","4":"has-post-thumbnail","6":"product_cat-a-colecao-mirage-2021","7":"product_cat-awp-pt-pt","8":"product_cat-espingarda","9":"pa_rarity-secreto","10":"pa_start-three-stars-pt-pt","11":"pa_subcategories-awp-pt-pt","13":"first","14":"instock","15":"shipping-taxable","16":"purchasable","17":"product-type-simple"},"_links":{"self":[{"href":"https:\/\/skintrade.org\/pt-pt\/wp-json\/wp\/v2\/product\/13658","targetHints":{"allow":["GET"]}}],"collection":[{"href":"https:\/\/skintrade.org\/pt-pt\/wp-json\/wp\/v2\/product"}],"about":[{"href":"https:\/\/skintrade.org\/pt-pt\/wp-json\/wp\/v2\/types\/product"}],"wp:featuredmedia":[{"embeddable":true,"href":"https:\/\/skintrade.org\/pt-pt\/wp-json\/wp\/v2\/media\/12008"}],"wp:attachment":[{"href":"https:\/\/skintrade.org\/pt-pt\/wp-json\/wp\/v2\/media?parent=13658"}],"wp:term":[{"taxonomy":"product_brand","embeddable":true,"href":"https:\/\/skintrade.org\/pt-pt\/wp-json\/wp\/v2\/product_brand?post=13658"},{"taxonomy":"product_cat","embeddable":true,"href":"https:\/\/skintrade.org\/pt-pt\/wp-json\/wp\/v2\/product_cat?post=13658"},{"taxonomy":"product_tag","embeddable":true,"href":"https:\/\/skintrade.org\/pt-pt\/wp-json\/wp\/v2\/product_tag?post=13658"}],"curies":[{"name":"wp","href":"https:\/\/api.w.org\/{rel}","templated":true}]}}