{"id":13657,"date":"2022-09-09T09:56:44","date_gmt":"2022-09-09T09:56:44","guid":{"rendered":"https:\/\/skin2go.r-s.space\/product\/p2000-lifted-spirits\/"},"modified":"2023-04-28T09:53:38","modified_gmt":"2023-04-28T09:53:38","slug":"p2000-lifted-spirits","status":"publish","type":"product","link":"https:\/\/skintrade.org\/pt-pt\/produto\/p2000-lifted-spirits\/","title":{"rendered":"Lifted Spirits"},"content":{"rendered":"<p>A corredi\u00e7a da pistola foi pintada de forma irregular em v\u00e1rios tons de bege e complementada por silhuetas negras de con\u00edferas. O desenho apresenta numerosas imagens de fantasmas a voar para o c\u00e9u. V\u00e1rias marcas de contagem de mortes est\u00e3o localizadas acima do punho.<\/p>\n","protected":false},"excerpt":{"rendered":"<p>A corredi\u00e7a da pistola foi pintada de forma irregular em v\u00e1rios tons de bege e complementada por silhuetas negras de con\u00edferas. O desenho apresenta numerosas imagens de fantasmas a voar para o c\u00e9u. V\u00e1rias marcas de contagem de mortes est\u00e3o localizadas acima do punho.<\/p>\n","protected":false},"featured_media":12005,"template":"","meta":[],"product_brand":[],"product_cat":[281,327,321],"product_tag":[],"class_list":{"0":"post-13657","1":"product","2":"type-product","3":"status-publish","4":"has-post-thumbnail","6":"product_cat-a-colecao-dreams-nightmares","7":"product_cat-p2000-pt-pt","8":"product_cat-pistolas","9":"pa_rarity-padrao-militar","10":"pa_start-four-stars-pt-pt","11":"pa_subcategories-p2000-pt-pt","13":"first","14":"instock","15":"shipping-taxable","16":"purchasable","17":"product-type-simple"},"_links":{"self":[{"href":"https:\/\/skintrade.org\/pt-pt\/wp-json\/wp\/v2\/product\/13657","targetHints":{"allow":["GET"]}}],"collection":[{"href":"https:\/\/skintrade.org\/pt-pt\/wp-json\/wp\/v2\/product"}],"about":[{"href":"https:\/\/skintrade.org\/pt-pt\/wp-json\/wp\/v2\/types\/product"}],"wp:featuredmedia":[{"embeddable":true,"href":"https:\/\/skintrade.org\/pt-pt\/wp-json\/wp\/v2\/media\/12005"}],"wp:attachment":[{"href":"https:\/\/skintrade.org\/pt-pt\/wp-json\/wp\/v2\/media?parent=13657"}],"wp:term":[{"taxonomy":"product_brand","embeddable":true,"href":"https:\/\/skintrade.org\/pt-pt\/wp-json\/wp\/v2\/product_brand?post=13657"},{"taxonomy":"product_cat","embeddable":true,"href":"https:\/\/skintrade.org\/pt-pt\/wp-json\/wp\/v2\/product_cat?post=13657"},{"taxonomy":"product_tag","embeddable":true,"href":"https:\/\/skintrade.org\/pt-pt\/wp-json\/wp\/v2\/product_tag?post=13657"}],"curies":[{"name":"wp","href":"https:\/\/api.w.org\/{rel}","templated":true}]}}