{"id":13656,"date":"2022-09-09T09:49:23","date_gmt":"2022-09-09T09:49:23","guid":{"rendered":"https:\/\/skin2go.r-s.space\/product\/sawed-off-spirit-board\/"},"modified":"2023-04-28T09:53:23","modified_gmt":"2023-04-28T09:53:23","slug":"sawed-off-spirit-board","status":"publish","type":"product","link":"https:\/\/skintrade.org\/pt-pt\/produto\/sawed-off-spirit-board\/","title":{"rendered":"Spirit Board"},"content":{"rendered":"<p>A coronha e o guarda-m\u00e3o da espingarda s\u00e3o feitos de madeira e assemelham-se ao desenho do tabuleiro Ouija. Por cima do gatilho, o alfabeto latino e uma s\u00e9rie de n\u00fameros est\u00e3o pintados contra o fundo de um c\u00e9u estrelado e nuvens. O guarda-m\u00e3o foi pintado com uma imagem que mostra um eclipse da lua. O esquema de cores da skin inclui v\u00e1rios tons quentes que v\u00e3o do amarelo ao castanho escuro.<\/p>\n","protected":false},"excerpt":{"rendered":"<p>A coronha e o guarda-m\u00e3o da espingarda s\u00e3o feitos de madeira e assemelham-se ao desenho do tabuleiro Ouija. Por cima do gatilho, o alfabeto latino e uma s\u00e9rie de n\u00fameros est\u00e3o pintados contra o fundo de um c\u00e9u estrelado e nuvens. O guarda-m\u00e3o foi pintado com uma imagem que mostra um eclipse da lua. O [&#8230;]\n","protected":false},"featured_media":12002,"template":"","meta":[],"product_brand":[],"product_cat":[281,294,299],"product_tag":[],"class_list":{"0":"post-13656","1":"product","2":"type-product","3":"status-publish","4":"has-post-thumbnail","6":"product_cat-a-colecao-dreams-nightmares","7":"product_cat-arma-pesada","8":"product_cat-sawed-off-pt-pt","9":"pa_rarity-padrao-militar","10":"pa_start-two-stars-pt-pt","11":"pa_subcategories-sawed-off-pt-pt","13":"first","14":"instock","15":"shipping-taxable","16":"purchasable","17":"product-type-simple"},"_links":{"self":[{"href":"https:\/\/skintrade.org\/pt-pt\/wp-json\/wp\/v2\/product\/13656","targetHints":{"allow":["GET"]}}],"collection":[{"href":"https:\/\/skintrade.org\/pt-pt\/wp-json\/wp\/v2\/product"}],"about":[{"href":"https:\/\/skintrade.org\/pt-pt\/wp-json\/wp\/v2\/types\/product"}],"wp:featuredmedia":[{"embeddable":true,"href":"https:\/\/skintrade.org\/pt-pt\/wp-json\/wp\/v2\/media\/12002"}],"wp:attachment":[{"href":"https:\/\/skintrade.org\/pt-pt\/wp-json\/wp\/v2\/media?parent=13656"}],"wp:term":[{"taxonomy":"product_brand","embeddable":true,"href":"https:\/\/skintrade.org\/pt-pt\/wp-json\/wp\/v2\/product_brand?post=13656"},{"taxonomy":"product_cat","embeddable":true,"href":"https:\/\/skintrade.org\/pt-pt\/wp-json\/wp\/v2\/product_cat?post=13656"},{"taxonomy":"product_tag","embeddable":true,"href":"https:\/\/skintrade.org\/pt-pt\/wp-json\/wp\/v2\/product_tag?post=13656"}],"curies":[{"name":"wp","href":"https:\/\/api.w.org\/{rel}","templated":true}]}}