{"id":13654,"date":"2022-09-09T10:08:10","date_gmt":"2022-09-09T10:08:10","guid":{"rendered":"https:\/\/skin2go.r-s.space\/product\/mp5-sd-oxide-oasis\/"},"modified":"2025-08-21T13:53:55","modified_gmt":"2025-08-21T13:53:55","slug":"mp5-sd-oxide-oasis","status":"publish","type":"product","link":"https:\/\/skintrade.org\/pt-pt\/produto\/mp5-sd-oxide-oasis\/","title":{"rendered":"Oxide Oasis"},"content":{"rendered":"<p>O cano e o receptor desta SMG foram pintados com um padr\u00e3o de manchas bege, castanhas e azul-petr\u00f3leo espalhadas aleatoriamente. A pega e o carregador s\u00e3o cinzentos escuros. O guarda-m\u00e3o \u00e9 pintado com um gradiente de bege e castanho. A coronha \u00e9 revestida com tinta de terracota. O design apresenta v\u00e1rios pormenores dourados.<\/p>\n","protected":false},"excerpt":{"rendered":"<p>O cano e o receptor desta SMG foram pintados com um padr\u00e3o de manchas bege, castanhas e azul-petr\u00f3leo espalhadas aleatoriamente. A pega e o carregador s\u00e3o cinzentos escuros. O guarda-m\u00e3o \u00e9 pintado com um gradiente de bege e castanho. A coronha \u00e9 revestida com tinta de terracota. O design apresenta v\u00e1rios pormenores dourados.<\/p>\n","protected":false},"featured_media":12014,"template":"","meta":[],"product_brand":[],"product_cat":[278,344,342],"product_tag":[],"class_list":{"0":"post-13654","1":"product","2":"type-product","3":"status-publish","4":"has-post-thumbnail","6":"product_cat-a-colecao-mirage-2021","7":"product_cat-mp5-sd-pt-pt","8":"product_cat-submetralhadoras","9":"pa_rarity-confidencial","10":"pa_start-four-stars-pt-pt","11":"pa_subcategories-mp5-sd-pt-pt","13":"first","14":"instock","15":"shipping-taxable","16":"purchasable","17":"product-type-simple"},"_links":{"self":[{"href":"https:\/\/skintrade.org\/pt-pt\/wp-json\/wp\/v2\/product\/13654","targetHints":{"allow":["GET"]}}],"collection":[{"href":"https:\/\/skintrade.org\/pt-pt\/wp-json\/wp\/v2\/product"}],"about":[{"href":"https:\/\/skintrade.org\/pt-pt\/wp-json\/wp\/v2\/types\/product"}],"wp:featuredmedia":[{"embeddable":true,"href":"https:\/\/skintrade.org\/pt-pt\/wp-json\/wp\/v2\/media\/12014"}],"wp:attachment":[{"href":"https:\/\/skintrade.org\/pt-pt\/wp-json\/wp\/v2\/media?parent=13654"}],"wp:term":[{"taxonomy":"product_brand","embeddable":true,"href":"https:\/\/skintrade.org\/pt-pt\/wp-json\/wp\/v2\/product_brand?post=13654"},{"taxonomy":"product_cat","embeddable":true,"href":"https:\/\/skintrade.org\/pt-pt\/wp-json\/wp\/v2\/product_cat?post=13654"},{"taxonomy":"product_tag","embeddable":true,"href":"https:\/\/skintrade.org\/pt-pt\/wp-json\/wp\/v2\/product_tag?post=13654"}],"curies":[{"name":"wp","href":"https:\/\/api.w.org\/{rel}","templated":true}]}}