{"id":13653,"date":"2022-09-09T10:14:38","date_gmt":"2022-09-09T10:14:38","guid":{"rendered":"https:\/\/skin2go.r-s.space\/product\/glock-18-pink-ddpat\/"},"modified":"2025-08-21T13:53:51","modified_gmt":"2025-08-21T13:53:51","slug":"glock-18-pink-ddpat","status":"publish","type":"product","link":"https:\/\/skintrade.org\/pt-pt\/produto\/glock-18-pink-ddpat\/","title":{"rendered":"Pink DDPAT"},"content":{"rendered":"<p>Esta Glock-18 foi pintada num estilo &#8220;Hidrogr\u00e1fico&#8221;, com o acabamento DDPAT cor-de-rosa. As pe\u00e7as desmontadas da arma s\u00e3o baixadas atrav\u00e9s de uma pel\u00edcula hidrogr\u00e1fica flutuante na superf\u00edcie de um tanque de \u00e1gua. A pel\u00edcula adere \u00e0s pe\u00e7as de armas preparadas, cobrindo a superf\u00edcie com um padr\u00e3o. A skin foi pintada num esquema de cores roxo e cinzento.<\/p>\n","protected":false},"excerpt":{"rendered":"<p>Esta Glock-18 foi pintada num estilo &#8220;Hidrogr\u00e1fico&#8221;, com o acabamento DDPAT cor-de-rosa. As pe\u00e7as desmontadas da arma s\u00e3o baixadas atrav\u00e9s de uma pel\u00edcula hidrogr\u00e1fica flutuante na superf\u00edcie de um tanque de \u00e1gua. A pel\u00edcula adere \u00e0s pe\u00e7as de armas preparadas, cobrindo a superf\u00edcie com um padr\u00e3o. A skin foi pintada num esquema de cores roxo [&#8230;]\n","protected":false},"featured_media":12020,"template":"","meta":[],"product_brand":[],"product_cat":[278,326,321],"product_tag":[],"class_list":{"0":"post-13653","1":"product","2":"type-product","3":"status-publish","4":"has-post-thumbnail","6":"product_cat-a-colecao-mirage-2021","7":"product_cat-glock-18-pt-pt","8":"product_cat-pistolas","9":"pa_rarity-restrito","10":"pa_start-two-stars-pt-pt","11":"pa_subcategories-glock-18-pt-pt","13":"first","14":"instock","15":"shipping-taxable","16":"purchasable","17":"product-type-simple"},"_links":{"self":[{"href":"https:\/\/skintrade.org\/pt-pt\/wp-json\/wp\/v2\/product\/13653","targetHints":{"allow":["GET"]}}],"collection":[{"href":"https:\/\/skintrade.org\/pt-pt\/wp-json\/wp\/v2\/product"}],"about":[{"href":"https:\/\/skintrade.org\/pt-pt\/wp-json\/wp\/v2\/types\/product"}],"wp:featuredmedia":[{"embeddable":true,"href":"https:\/\/skintrade.org\/pt-pt\/wp-json\/wp\/v2\/media\/12020"}],"wp:attachment":[{"href":"https:\/\/skintrade.org\/pt-pt\/wp-json\/wp\/v2\/media?parent=13653"}],"wp:term":[{"taxonomy":"product_brand","embeddable":true,"href":"https:\/\/skintrade.org\/pt-pt\/wp-json\/wp\/v2\/product_brand?post=13653"},{"taxonomy":"product_cat","embeddable":true,"href":"https:\/\/skintrade.org\/pt-pt\/wp-json\/wp\/v2\/product_cat?post=13653"},{"taxonomy":"product_tag","embeddable":true,"href":"https:\/\/skintrade.org\/pt-pt\/wp-json\/wp\/v2\/product_tag?post=13653"}],"curies":[{"name":"wp","href":"https:\/\/api.w.org\/{rel}","templated":true}]}}