{"id":13652,"date":"2022-09-09T10:11:32","date_gmt":"2022-09-09T10:11:32","guid":{"rendered":"https:\/\/skin2go.r-s.space\/product\/aug-sand-storm\/"},"modified":"2025-08-21T13:53:49","modified_gmt":"2025-08-21T13:53:49","slug":"aug-sand-storm","status":"publish","type":"product","link":"https:\/\/skintrade.org\/pt-pt\/produto\/aug-sand-storm\/","title":{"rendered":"Sand Storm"},"content":{"rendered":"<p>O corpo da espingarda foi pintado com um padr\u00e3o abstracto que se assemelha a uma tempestade de areia. O esquema de cores inclui v\u00e1rios tons de amarelo, bege e verde. O carregador \u00e9 pintado com um gradiente verde escuro. O punho frontal e algumas partes do corpo apresentam ornamentos orientais em vermelho escuro.<\/p>\n","protected":false},"excerpt":{"rendered":"<p>O corpo da espingarda foi pintado com um padr\u00e3o abstracto que se assemelha a uma tempestade de areia. O esquema de cores inclui v\u00e1rios tons de amarelo, bege e verde. O carregador \u00e9 pintado com um gradiente verde escuro. O punho frontal e algumas partes do corpo apresentam ornamentos orientais em vermelho escuro.<\/p>\n","protected":false},"featured_media":12017,"template":"","meta":[],"product_brand":[],"product_cat":[278,332,269],"product_tag":[],"class_list":{"0":"post-13652","1":"product","2":"type-product","3":"status-publish","4":"has-post-thumbnail","6":"product_cat-a-colecao-mirage-2021","7":"product_cat-aug-pt-pt","8":"product_cat-espingarda","9":"pa_rarity-restrito","10":"pa_start-four-stars-pt-pt","11":"pa_subcategories-aug-pt-pt","13":"first","14":"instock","15":"shipping-taxable","16":"purchasable","17":"product-type-simple"},"_links":{"self":[{"href":"https:\/\/skintrade.org\/pt-pt\/wp-json\/wp\/v2\/product\/13652","targetHints":{"allow":["GET"]}}],"collection":[{"href":"https:\/\/skintrade.org\/pt-pt\/wp-json\/wp\/v2\/product"}],"about":[{"href":"https:\/\/skintrade.org\/pt-pt\/wp-json\/wp\/v2\/types\/product"}],"wp:featuredmedia":[{"embeddable":true,"href":"https:\/\/skintrade.org\/pt-pt\/wp-json\/wp\/v2\/media\/12017"}],"wp:attachment":[{"href":"https:\/\/skintrade.org\/pt-pt\/wp-json\/wp\/v2\/media?parent=13652"}],"wp:term":[{"taxonomy":"product_brand","embeddable":true,"href":"https:\/\/skintrade.org\/pt-pt\/wp-json\/wp\/v2\/product_brand?post=13652"},{"taxonomy":"product_cat","embeddable":true,"href":"https:\/\/skintrade.org\/pt-pt\/wp-json\/wp\/v2\/product_cat?post=13652"},{"taxonomy":"product_tag","embeddable":true,"href":"https:\/\/skintrade.org\/pt-pt\/wp-json\/wp\/v2\/product_tag?post=13652"}],"curies":[{"name":"wp","href":"https:\/\/api.w.org\/{rel}","templated":true}]}}