{"id":13648,"date":"2022-09-09T10:21:37","date_gmt":"2022-09-09T10:21:37","guid":{"rendered":"https:\/\/skin2go.r-s.space\/product\/sg-553-desert-blossom\/"},"modified":"2025-08-21T13:53:54","modified_gmt":"2025-08-21T13:53:54","slug":"sg-553-desert-blossom","status":"publish","type":"product","link":"https:\/\/skintrade.org\/pt-pt\/produto\/sg-553-desert-blossom\/","title":{"rendered":"Desert Blossom"},"content":{"rendered":"<p>Este estilo simula a aplica\u00e7\u00e3o da camada de doce atrav\u00e9s de aerografia \u00e0 m\u00e3o livre. A cor prim\u00e1ria desta skin \u00e9 composta por uma tonalidade cor-de-rosa.  O cano \u00e9 revestido com tinta cor-de-rosa mate. O guarda-m\u00e3o, a mira, o carregador, o punho e a coronha permanecem sem pintura.<\/p>\n","protected":false},"excerpt":{"rendered":"<p>Este estilo simula a aplica\u00e7\u00e3o da camada de doce atrav\u00e9s de aerografia \u00e0 m\u00e3o livre. A cor prim\u00e1ria desta skin \u00e9 composta por uma tonalidade cor-de-rosa. O cano \u00e9 revestido com tinta cor-de-rosa mate. O guarda-m\u00e3o, a mira, o carregador, o punho e a coronha permanecem sem pintura.<\/p>\n","protected":false},"featured_media":12029,"template":"","meta":[],"product_brand":[],"product_cat":[278,269,340],"product_tag":[],"class_list":{"0":"post-13648","1":"product","2":"type-product","3":"status-publish","4":"has-post-thumbnail","6":"product_cat-a-colecao-mirage-2021","7":"product_cat-espingarda","8":"product_cat-sg-553-pt-pt","9":"pa_rarity-padrao-militar","10":"pa_start-three-stars-pt-pt","11":"pa_subcategories-sg-553-pt-pt","13":"first","14":"instock","15":"shipping-taxable","16":"purchasable","17":"product-type-simple"},"_links":{"self":[{"href":"https:\/\/skintrade.org\/pt-pt\/wp-json\/wp\/v2\/product\/13648","targetHints":{"allow":["GET"]}}],"collection":[{"href":"https:\/\/skintrade.org\/pt-pt\/wp-json\/wp\/v2\/product"}],"about":[{"href":"https:\/\/skintrade.org\/pt-pt\/wp-json\/wp\/v2\/types\/product"}],"wp:featuredmedia":[{"embeddable":true,"href":"https:\/\/skintrade.org\/pt-pt\/wp-json\/wp\/v2\/media\/12029"}],"wp:attachment":[{"href":"https:\/\/skintrade.org\/pt-pt\/wp-json\/wp\/v2\/media?parent=13648"}],"wp:term":[{"taxonomy":"product_brand","embeddable":true,"href":"https:\/\/skintrade.org\/pt-pt\/wp-json\/wp\/v2\/product_brand?post=13648"},{"taxonomy":"product_cat","embeddable":true,"href":"https:\/\/skintrade.org\/pt-pt\/wp-json\/wp\/v2\/product_cat?post=13648"},{"taxonomy":"product_tag","embeddable":true,"href":"https:\/\/skintrade.org\/pt-pt\/wp-json\/wp\/v2\/product_tag?post=13648"}],"curies":[{"name":"wp","href":"https:\/\/api.w.org\/{rel}","templated":true}]}}