{"id":13638,"date":"2022-09-09T10:37:31","date_gmt":"2022-09-09T10:37:31","guid":{"rendered":"https:\/\/skin2go.r-s.space\/product\/famas-calicamo\/"},"modified":"2025-08-21T13:53:13","modified_gmt":"2025-08-21T13:53:13","slug":"famas-calicamo","status":"publish","type":"product","link":"https:\/\/skintrade.org\/pt-pt\/produto\/famas-calicamo\/","title":{"rendered":"CaliCamo"},"content":{"rendered":"<p>O corpo da espingarda foi pintado com um padr\u00e3o de camuflagem em preto, castanho e v\u00e1rios tons de bege. O punho e as partes individuais do corpo est\u00e3o revestidos com tinta castanha-rosa A placa de metal na coronha est\u00e1 pintada de preto.<\/p>\n","protected":false},"excerpt":{"rendered":"<p>O corpo da espingarda foi pintado com um padr\u00e3o de camuflagem em preto, castanho e v\u00e1rios tons de bege. O punho e as partes individuais do corpo est\u00e3o revestidos com tinta castanha-rosa A placa de metal na coronha est\u00e1 pintada de preto.<\/p>\n","protected":false},"featured_media":12047,"template":"","meta":[],"product_brand":[],"product_cat":[278,269,334],"product_tag":[],"class_list":{"0":"post-13638","1":"product","2":"type-product","3":"status-publish","4":"has-post-thumbnail","6":"product_cat-a-colecao-mirage-2021","7":"product_cat-espingarda","8":"product_cat-famas-pt-pt","9":"pa_rarity-padrao-industrial","10":"pa_start-two-stars-pt-pt","11":"pa_subcategories-famas-pt-pt","13":"first","14":"instock","15":"shipping-taxable","16":"purchasable","17":"product-type-simple"},"_links":{"self":[{"href":"https:\/\/skintrade.org\/pt-pt\/wp-json\/wp\/v2\/product\/13638","targetHints":{"allow":["GET"]}}],"collection":[{"href":"https:\/\/skintrade.org\/pt-pt\/wp-json\/wp\/v2\/product"}],"about":[{"href":"https:\/\/skintrade.org\/pt-pt\/wp-json\/wp\/v2\/types\/product"}],"wp:featuredmedia":[{"embeddable":true,"href":"https:\/\/skintrade.org\/pt-pt\/wp-json\/wp\/v2\/media\/12047"}],"wp:attachment":[{"href":"https:\/\/skintrade.org\/pt-pt\/wp-json\/wp\/v2\/media?parent=13638"}],"wp:term":[{"taxonomy":"product_brand","embeddable":true,"href":"https:\/\/skintrade.org\/pt-pt\/wp-json\/wp\/v2\/product_brand?post=13638"},{"taxonomy":"product_cat","embeddable":true,"href":"https:\/\/skintrade.org\/pt-pt\/wp-json\/wp\/v2\/product_cat?post=13638"},{"taxonomy":"product_tag","embeddable":true,"href":"https:\/\/skintrade.org\/pt-pt\/wp-json\/wp\/v2\/product_tag?post=13638"}],"curies":[{"name":"wp","href":"https:\/\/api.w.org\/{rel}","templated":true}]}}