{"id":13633,"date":"2022-09-09T10:41:22","date_gmt":"2022-09-09T10:41:22","guid":{"rendered":"https:\/\/skin2go.r-s.space\/product\/mag-7-navy-sheen\/"},"modified":"2023-04-28T09:25:35","modified_gmt":"2023-04-28T09:25:35","slug":"mag-7-navy-sheen","status":"publish","type":"product","link":"https:\/\/skintrade.org\/pt-pt\/produto\/mag-7-navy-sheen\/","title":{"rendered":"Navy Sheen"},"content":{"rendered":"<p>O corpo da ca\u00e7adeira foi pintado com um padr\u00e3o de camuflagem azul e cinzento. O guarda-m\u00e3o e o carregador n\u00e3o foram pintados.<\/p>\n","protected":false},"excerpt":{"rendered":"<p>O corpo da ca\u00e7adeira foi pintado com um padr\u00e3o de camuflagem azul e cinzento. O guarda-m\u00e3o e o carregador n\u00e3o foram pintados.<\/p>\n","protected":false},"featured_media":12053,"template":"","meta":[],"product_brand":[],"product_cat":[278,294,296],"product_tag":[],"class_list":{"0":"post-13633","1":"product","2":"type-product","3":"status-publish","4":"has-post-thumbnail","6":"product_cat-a-colecao-mirage-2021","7":"product_cat-arma-pesada","8":"product_cat-mag-7-pt-pt","9":"pa_rarity-padrao-domestico","10":"pa_start-three-stars-pt-pt","11":"pa_subcategories-mag-7-pt-pt","13":"first","14":"instock","15":"shipping-taxable","16":"purchasable","17":"product-type-simple"},"_links":{"self":[{"href":"https:\/\/skintrade.org\/pt-pt\/wp-json\/wp\/v2\/product\/13633","targetHints":{"allow":["GET"]}}],"collection":[{"href":"https:\/\/skintrade.org\/pt-pt\/wp-json\/wp\/v2\/product"}],"about":[{"href":"https:\/\/skintrade.org\/pt-pt\/wp-json\/wp\/v2\/types\/product"}],"wp:featuredmedia":[{"embeddable":true,"href":"https:\/\/skintrade.org\/pt-pt\/wp-json\/wp\/v2\/media\/12053"}],"wp:attachment":[{"href":"https:\/\/skintrade.org\/pt-pt\/wp-json\/wp\/v2\/media?parent=13633"}],"wp:term":[{"taxonomy":"product_brand","embeddable":true,"href":"https:\/\/skintrade.org\/pt-pt\/wp-json\/wp\/v2\/product_brand?post=13633"},{"taxonomy":"product_cat","embeddable":true,"href":"https:\/\/skintrade.org\/pt-pt\/wp-json\/wp\/v2\/product_cat?post=13633"},{"taxonomy":"product_tag","embeddable":true,"href":"https:\/\/skintrade.org\/pt-pt\/wp-json\/wp\/v2\/product_tag?post=13633"}],"curies":[{"name":"wp","href":"https:\/\/api.w.org\/{rel}","templated":true}]}}