{"id":13628,"date":"2022-09-09T11:43:41","date_gmt":"2022-09-09T11:43:41","guid":{"rendered":"https:\/\/skin2go.r-s.space\/product\/glock-18-gamma-doppler-phase-1\/"},"modified":"2023-04-28T09:18:29","modified_gmt":"2023-04-28T09:18:29","slug":"glock-18-gamma-doppler-phase-1","status":"publish","type":"product","link":"https:\/\/skintrade.org\/pt-pt\/produto\/glock-18-gamma-doppler-phase-1\/","title":{"rendered":"Gamma Doppler Phase 1"},"content":{"rendered":"<p>A corredi\u00e7a da pistola foi revestida com tintas met\u00e1licas e pintada com um padr\u00e3o de linhas onduladas transl\u00facidas que se assemelham a fumo. O esquema de cores da skin inclui v\u00e1rios tons de azul escuro e verde, criando transi\u00e7\u00f5es de gradiente.<\/p>\n","protected":false},"excerpt":{"rendered":"<p>A corredi\u00e7a da pistola foi revestida com tintas met\u00e1licas e pintada com um padr\u00e3o de linhas onduladas transl\u00facidas que se assemelham a fumo. O esquema de cores da skin inclui v\u00e1rios tons de azul escuro e verde, criando transi\u00e7\u00f5es de gradiente.<\/p>\n","protected":false},"featured_media":12066,"template":"","meta":[],"product_brand":[],"product_cat":[279,326,321],"product_tag":[],"class_list":{"0":"post-13628","1":"product","2":"type-product","3":"status-publish","4":"has-post-thumbnail","6":"product_cat-a-colecao-train-2021","7":"product_cat-glock-18-pt-pt","8":"product_cat-pistolas","9":"pa_rarity-secreto","10":"pa_start-four-stars-pt-pt","11":"pa_subcategories-glock-18-pt-pt","13":"first","14":"instock","15":"shipping-taxable","16":"purchasable","17":"product-type-simple"},"_links":{"self":[{"href":"https:\/\/skintrade.org\/pt-pt\/wp-json\/wp\/v2\/product\/13628","targetHints":{"allow":["GET"]}}],"collection":[{"href":"https:\/\/skintrade.org\/pt-pt\/wp-json\/wp\/v2\/product"}],"about":[{"href":"https:\/\/skintrade.org\/pt-pt\/wp-json\/wp\/v2\/types\/product"}],"wp:featuredmedia":[{"embeddable":true,"href":"https:\/\/skintrade.org\/pt-pt\/wp-json\/wp\/v2\/media\/12066"}],"wp:attachment":[{"href":"https:\/\/skintrade.org\/pt-pt\/wp-json\/wp\/v2\/media?parent=13628"}],"wp:term":[{"taxonomy":"product_brand","embeddable":true,"href":"https:\/\/skintrade.org\/pt-pt\/wp-json\/wp\/v2\/product_brand?post=13628"},{"taxonomy":"product_cat","embeddable":true,"href":"https:\/\/skintrade.org\/pt-pt\/wp-json\/wp\/v2\/product_cat?post=13628"},{"taxonomy":"product_tag","embeddable":true,"href":"https:\/\/skintrade.org\/pt-pt\/wp-json\/wp\/v2\/product_tag?post=13628"}],"curies":[{"name":"wp","href":"https:\/\/api.w.org\/{rel}","templated":true}]}}