{"id":13625,"date":"2022-09-09T11:48:31","date_gmt":"2022-09-09T11:48:31","guid":{"rendered":"https:\/\/skin2go.r-s.space\/product\/glock-18-gamma-doppler-phase-3\/"},"modified":"2023-04-28T09:11:58","modified_gmt":"2023-04-28T09:11:58","slug":"glock-18-gamma-doppler-phase-3","status":"publish","type":"product","link":"https:\/\/skintrade.org\/pt-pt\/produto\/glock-18-gamma-doppler-phase-3\/","title":{"rendered":"Gamma Doppler Phase 3"},"content":{"rendered":"<p>A corredi\u00e7a da pistola foi revestida com tintas met\u00e1licas e pintada com um padr\u00e3o de linhas onduladas transl\u00facidas que se assemelham a fumo. O esquema de cores da skin inclui v\u00e1rios tons de preto, verde e azul-petr\u00f3leo, criando transi\u00e7\u00f5es de gradiente. O resto do corpo permanece sem pintura.<\/p>\n","protected":false},"excerpt":{"rendered":"<p>A corredi\u00e7a da pistola foi revestida com tintas met\u00e1licas e pintada com um padr\u00e3o de linhas onduladas transl\u00facidas que se assemelham a fumo. O esquema de cores da skin inclui v\u00e1rios tons de preto, verde e azul-petr\u00f3leo, criando transi\u00e7\u00f5es de gradiente. O resto do corpo permanece sem pintura.<\/p>\n","protected":false},"featured_media":12073,"template":"","meta":[],"product_brand":[],"product_cat":[279,326,321],"product_tag":[],"class_list":{"0":"post-13625","1":"product","2":"type-product","3":"status-publish","4":"has-post-thumbnail","6":"product_cat-a-colecao-train-2021","7":"product_cat-glock-18-pt-pt","8":"product_cat-pistolas","9":"pa_rarity-secreto","10":"pa_subcategories-glock-18-pt-pt","12":"first","13":"instock","14":"shipping-taxable","15":"purchasable","16":"product-type-simple"},"_links":{"self":[{"href":"https:\/\/skintrade.org\/pt-pt\/wp-json\/wp\/v2\/product\/13625","targetHints":{"allow":["GET"]}}],"collection":[{"href":"https:\/\/skintrade.org\/pt-pt\/wp-json\/wp\/v2\/product"}],"about":[{"href":"https:\/\/skintrade.org\/pt-pt\/wp-json\/wp\/v2\/types\/product"}],"wp:featuredmedia":[{"embeddable":true,"href":"https:\/\/skintrade.org\/pt-pt\/wp-json\/wp\/v2\/media\/12073"}],"wp:attachment":[{"href":"https:\/\/skintrade.org\/pt-pt\/wp-json\/wp\/v2\/media?parent=13625"}],"wp:term":[{"taxonomy":"product_brand","embeddable":true,"href":"https:\/\/skintrade.org\/pt-pt\/wp-json\/wp\/v2\/product_brand?post=13625"},{"taxonomy":"product_cat","embeddable":true,"href":"https:\/\/skintrade.org\/pt-pt\/wp-json\/wp\/v2\/product_cat?post=13625"},{"taxonomy":"product_tag","embeddable":true,"href":"https:\/\/skintrade.org\/pt-pt\/wp-json\/wp\/v2\/product_tag?post=13625"}],"curies":[{"name":"wp","href":"https:\/\/api.w.org\/{rel}","templated":true}]}}