{"id":13623,"date":"2022-09-09T11:55:11","date_gmt":"2022-09-09T11:55:11","guid":{"rendered":"https:\/\/skin2go.r-s.space\/product\/usp-s-whiteout\/"},"modified":"2025-08-21T13:53:17","modified_gmt":"2025-08-21T13:53:17","slug":"usp-s-whiteout","status":"publish","type":"product","link":"https:\/\/skintrade.org\/pt-pt\/produto\/usp-s-whiteout\/","title":{"rendered":"Whiteout"},"content":{"rendered":"<p>Esta USP-S foi pintada num estilo &#8220;Solid Color&#8221;, com o acabamento Whiteout. Os componentes individuais da arma s\u00e3o pintados com at\u00e9 quatro cores \u00fanicas antes de serem montados novamente. A cor prim\u00e1ria desta skin \u00e9 composta por uma tonalidade branca.<\/p>\n","protected":false},"excerpt":{"rendered":"<p>Esta USP-S foi pintada num estilo &#8220;Solid Color&#8221;, com o acabamento Whiteout. Os componentes individuais da arma s\u00e3o pintados com at\u00e9 quatro cores \u00fanicas antes de serem montados novamente. A cor prim\u00e1ria desta skin \u00e9 composta por uma tonalidade branca.<\/p>\n","protected":false},"featured_media":12083,"template":"","meta":[],"product_brand":[],"product_cat":[279,321,331],"product_tag":[],"class_list":{"0":"post-13623","1":"product","2":"type-product","3":"status-publish","4":"has-post-thumbnail","6":"product_cat-a-colecao-train-2021","7":"product_cat-pistolas","8":"product_cat-usp-s-pt-pt","9":"pa_rarity-confidencial","10":"pa_start-four-stars-pt-pt","11":"pa_subcategories-usp-s-pt-pt","13":"first","14":"instock","15":"shipping-taxable","16":"purchasable","17":"product-type-simple"},"_links":{"self":[{"href":"https:\/\/skintrade.org\/pt-pt\/wp-json\/wp\/v2\/product\/13623","targetHints":{"allow":["GET"]}}],"collection":[{"href":"https:\/\/skintrade.org\/pt-pt\/wp-json\/wp\/v2\/product"}],"about":[{"href":"https:\/\/skintrade.org\/pt-pt\/wp-json\/wp\/v2\/types\/product"}],"wp:featuredmedia":[{"embeddable":true,"href":"https:\/\/skintrade.org\/pt-pt\/wp-json\/wp\/v2\/media\/12083"}],"wp:attachment":[{"href":"https:\/\/skintrade.org\/pt-pt\/wp-json\/wp\/v2\/media?parent=13623"}],"wp:term":[{"taxonomy":"product_brand","embeddable":true,"href":"https:\/\/skintrade.org\/pt-pt\/wp-json\/wp\/v2\/product_brand?post=13623"},{"taxonomy":"product_cat","embeddable":true,"href":"https:\/\/skintrade.org\/pt-pt\/wp-json\/wp\/v2\/product_cat?post=13623"},{"taxonomy":"product_tag","embeddable":true,"href":"https:\/\/skintrade.org\/pt-pt\/wp-json\/wp\/v2\/product_tag?post=13623"}],"curies":[{"name":"wp","href":"https:\/\/api.w.org\/{rel}","templated":true}]}}