{"id":13622,"date":"2022-09-09T11:52:26","date_gmt":"2022-09-09T11:52:26","guid":{"rendered":"https:\/\/skin2go.r-s.space\/product\/m4a4-the-coalition\/"},"modified":"2025-08-21T13:53:12","modified_gmt":"2025-08-21T13:53:12","slug":"m4a4-the-coalition","status":"publish","type":"product","link":"https:\/\/skintrade.org\/pt-pt\/produto\/m4a4-the-coalition\/","title":{"rendered":"The Coalition"},"content":{"rendered":"<p>O corpo preto da espingarda foi pintado com um padr\u00e3o geom\u00e9trico dourado e apresenta detalhes em azul brilhante. O punho \u00e9 revestido de couro preto complementado por um relevo geom\u00e9trico.<\/p>\n","protected":false},"excerpt":{"rendered":"<p>O corpo preto da espingarda foi pintado com um padr\u00e3o geom\u00e9trico dourado e apresenta detalhes em azul brilhante. O punho \u00e9 revestido de couro preto complementado por um relevo geom\u00e9trico.<\/p>\n","protected":false},"featured_media":12080,"template":"","meta":[],"product_brand":[],"product_cat":[279,269,338],"product_tag":[],"class_list":{"0":"post-13622","1":"product","2":"type-product","3":"status-publish","4":"has-post-thumbnail","6":"product_cat-a-colecao-train-2021","7":"product_cat-espingarda","8":"product_cat-m4a4-pt-pt","9":"pa_rarity-secreto","10":"pa_subcategories-m4a4-pt-pt","12":"first","13":"instock","14":"shipping-taxable","15":"purchasable","16":"product-type-simple"},"_links":{"self":[{"href":"https:\/\/skintrade.org\/pt-pt\/wp-json\/wp\/v2\/product\/13622","targetHints":{"allow":["GET"]}}],"collection":[{"href":"https:\/\/skintrade.org\/pt-pt\/wp-json\/wp\/v2\/product"}],"about":[{"href":"https:\/\/skintrade.org\/pt-pt\/wp-json\/wp\/v2\/types\/product"}],"wp:featuredmedia":[{"embeddable":true,"href":"https:\/\/skintrade.org\/pt-pt\/wp-json\/wp\/v2\/media\/12080"}],"wp:attachment":[{"href":"https:\/\/skintrade.org\/pt-pt\/wp-json\/wp\/v2\/media?parent=13622"}],"wp:term":[{"taxonomy":"product_brand","embeddable":true,"href":"https:\/\/skintrade.org\/pt-pt\/wp-json\/wp\/v2\/product_brand?post=13622"},{"taxonomy":"product_cat","embeddable":true,"href":"https:\/\/skintrade.org\/pt-pt\/wp-json\/wp\/v2\/product_cat?post=13622"},{"taxonomy":"product_tag","embeddable":true,"href":"https:\/\/skintrade.org\/pt-pt\/wp-json\/wp\/v2\/product_tag?post=13622"}],"curies":[{"name":"wp","href":"https:\/\/api.w.org\/{rel}","templated":true}]}}