{"id":13620,"date":"2022-09-09T12:18:50","date_gmt":"2022-09-09T12:18:50","guid":{"rendered":"https:\/\/skin2go.r-s.space\/product\/famas-meltdown\/"},"modified":"2025-08-21T13:53:16","modified_gmt":"2025-08-21T13:53:16","slug":"famas-meltdown","status":"publish","type":"product","link":"https:\/\/skintrade.org\/pt-pt\/produto\/famas-meltdown\/","title":{"rendered":"Meltdown"},"content":{"rendered":"<p>Todo o corpo da espingarda foi pintado com um padr\u00e3o preto e dourado sob a forma de sinais de radia\u00e7\u00e3o espalhados aleatoriamente. A pega e a parte de tr\u00e1s da coronha est\u00e3o pintadas de caqui. A placa de metal na coronha \u00e9 preta. O carregador n\u00e3o est\u00e1 pintado.<\/p>\n","protected":false},"excerpt":{"rendered":"<p>Todo o corpo da espingarda foi pintado com um padr\u00e3o preto e dourado sob a forma de sinais de radia\u00e7\u00e3o espalhados aleatoriamente. A pega e a parte de tr\u00e1s da coronha est\u00e3o pintadas de caqui. A placa de metal na coronha \u00e9 preta. O carregador n\u00e3o est\u00e1 pintado.<\/p>\n","protected":false},"featured_media":12088,"template":"","meta":[],"product_brand":[],"product_cat":[279,269,334],"product_tag":[],"class_list":{"0":"post-13620","1":"product","2":"type-product","3":"status-publish","4":"has-post-thumbnail","6":"product_cat-a-colecao-train-2021","7":"product_cat-espingarda","8":"product_cat-famas-pt-pt","9":"pa_rarity-confidencial","10":"pa_start-five-stars-pt-pt","11":"pa_subcategories-famas-pt-pt","13":"first","14":"instock","15":"shipping-taxable","16":"purchasable","17":"product-type-simple"},"_links":{"self":[{"href":"https:\/\/skintrade.org\/pt-pt\/wp-json\/wp\/v2\/product\/13620","targetHints":{"allow":["GET"]}}],"collection":[{"href":"https:\/\/skintrade.org\/pt-pt\/wp-json\/wp\/v2\/product"}],"about":[{"href":"https:\/\/skintrade.org\/pt-pt\/wp-json\/wp\/v2\/types\/product"}],"wp:featuredmedia":[{"embeddable":true,"href":"https:\/\/skintrade.org\/pt-pt\/wp-json\/wp\/v2\/media\/12088"}],"wp:attachment":[{"href":"https:\/\/skintrade.org\/pt-pt\/wp-json\/wp\/v2\/media?parent=13620"}],"wp:term":[{"taxonomy":"product_brand","embeddable":true,"href":"https:\/\/skintrade.org\/pt-pt\/wp-json\/wp\/v2\/product_brand?post=13620"},{"taxonomy":"product_cat","embeddable":true,"href":"https:\/\/skintrade.org\/pt-pt\/wp-json\/wp\/v2\/product_cat?post=13620"},{"taxonomy":"product_tag","embeddable":true,"href":"https:\/\/skintrade.org\/pt-pt\/wp-json\/wp\/v2\/product_tag?post=13620"}],"curies":[{"name":"wp","href":"https:\/\/api.w.org\/{rel}","templated":true}]}}