{"id":13619,"date":"2022-09-09T12:16:33","date_gmt":"2022-09-09T12:16:33","guid":{"rendered":"https:\/\/skin2go.r-s.space\/product\/mac-10-propaganda\/"},"modified":"2025-08-21T13:53:14","modified_gmt":"2025-08-21T13:53:14","slug":"mac-10-propaganda","status":"publish","type":"product","link":"https:\/\/skintrade.org\/pt-pt\/produto\/mac-10-propaganda\/","title":{"rendered":"Propaganda"},"content":{"rendered":"<p>Este MAC-10 foi pintado num estilo &#8220;Custom Paint Job&#8221;, com o acabamento Propaganda. Este estilo permite uma apar\u00eancia extremamente personalizada numa gama completa de cores. A cor prim\u00e1ria desta skin \u00e9 composta por uma tonalidade vermelha.<\/p>\n","protected":false},"excerpt":{"rendered":"<p>Este MAC-10 foi pintado num estilo &#8220;Custom Paint Job&#8221;, com o acabamento Propaganda. Este estilo permite uma apar\u00eancia extremamente personalizada numa gama completa de cores. A cor prim\u00e1ria desta skin \u00e9 composta por uma tonalidade vermelha.<\/p>\n","protected":false},"featured_media":12086,"template":"","meta":[],"product_brand":[],"product_cat":[279,343,342],"product_tag":[],"class_list":{"0":"post-13619","1":"product","2":"type-product","3":"status-publish","4":"has-post-thumbnail","6":"product_cat-a-colecao-train-2021","7":"product_cat-mac-10-pt-pt","8":"product_cat-submetralhadoras","9":"pa_rarity-confidencial","10":"pa_start-two-stars-pt-pt","11":"pa_subcategories-mac-10-pt-pt","13":"first","14":"instock","15":"shipping-taxable","16":"purchasable","17":"product-type-simple"},"_links":{"self":[{"href":"https:\/\/skintrade.org\/pt-pt\/wp-json\/wp\/v2\/product\/13619","targetHints":{"allow":["GET"]}}],"collection":[{"href":"https:\/\/skintrade.org\/pt-pt\/wp-json\/wp\/v2\/product"}],"about":[{"href":"https:\/\/skintrade.org\/pt-pt\/wp-json\/wp\/v2\/types\/product"}],"wp:featuredmedia":[{"embeddable":true,"href":"https:\/\/skintrade.org\/pt-pt\/wp-json\/wp\/v2\/media\/12086"}],"wp:attachment":[{"href":"https:\/\/skintrade.org\/pt-pt\/wp-json\/wp\/v2\/media?parent=13619"}],"wp:term":[{"taxonomy":"product_brand","embeddable":true,"href":"https:\/\/skintrade.org\/pt-pt\/wp-json\/wp\/v2\/product_brand?post=13619"},{"taxonomy":"product_cat","embeddable":true,"href":"https:\/\/skintrade.org\/pt-pt\/wp-json\/wp\/v2\/product_cat?post=13619"},{"taxonomy":"product_tag","embeddable":true,"href":"https:\/\/skintrade.org\/pt-pt\/wp-json\/wp\/v2\/product_tag?post=13619"}],"curies":[{"name":"wp","href":"https:\/\/api.w.org\/{rel}","templated":true}]}}