{"id":13617,"date":"2022-09-09T12:31:31","date_gmt":"2022-09-09T12:31:31","guid":{"rendered":"https:\/\/skin2go.r-s.space\/product\/nova-red-quartz\/"},"modified":"2025-08-21T13:53:19","modified_gmt":"2025-08-21T13:53:19","slug":"nova-red-quartz","status":"publish","type":"product","link":"https:\/\/skintrade.org\/pt-pt\/produto\/nova-red-quartz\/","title":{"rendered":"Red Quartz"},"content":{"rendered":"<p>O receptor e a coronha foram pintados com um padr\u00e3o geom\u00e9trico laranja que se assemelha \u00e0 textura de um cristal. O cano foi revestido com tinta met\u00e1lica laranja escura. As partes individuais do corpo permanecem sem pintura.<\/p>\n","protected":false},"excerpt":{"rendered":"<p>O receptor e a coronha foram pintados com um padr\u00e3o geom\u00e9trico laranja que se assemelha \u00e0 textura de um cristal. O cano foi revestido com tinta met\u00e1lica laranja escura. As partes individuais do corpo permanecem sem pintura.<\/p>\n","protected":false},"featured_media":12906,"template":"","meta":[],"product_brand":[],"product_cat":[279,294,298],"product_tag":[],"class_list":{"0":"post-13617","1":"product","2":"type-product","3":"status-publish","4":"has-post-thumbnail","6":"product_cat-a-colecao-train-2021","7":"product_cat-arma-pesada","8":"product_cat-nova-pt-pt","9":"pa_rarity-restrito","10":"pa_start-three-stars-pt-pt","11":"pa_subcategories-nova-pt-pt","13":"first","14":"instock","15":"shipping-taxable","16":"purchasable","17":"product-type-simple"},"_links":{"self":[{"href":"https:\/\/skintrade.org\/pt-pt\/wp-json\/wp\/v2\/product\/13617","targetHints":{"allow":["GET"]}}],"collection":[{"href":"https:\/\/skintrade.org\/pt-pt\/wp-json\/wp\/v2\/product"}],"about":[{"href":"https:\/\/skintrade.org\/pt-pt\/wp-json\/wp\/v2\/types\/product"}],"wp:featuredmedia":[{"embeddable":true,"href":"https:\/\/skintrade.org\/pt-pt\/wp-json\/wp\/v2\/media\/12906"}],"wp:attachment":[{"href":"https:\/\/skintrade.org\/pt-pt\/wp-json\/wp\/v2\/media?parent=13617"}],"wp:term":[{"taxonomy":"product_brand","embeddable":true,"href":"https:\/\/skintrade.org\/pt-pt\/wp-json\/wp\/v2\/product_brand?post=13617"},{"taxonomy":"product_cat","embeddable":true,"href":"https:\/\/skintrade.org\/pt-pt\/wp-json\/wp\/v2\/product_cat?post=13617"},{"taxonomy":"product_tag","embeddable":true,"href":"https:\/\/skintrade.org\/pt-pt\/wp-json\/wp\/v2\/product_tag?post=13617"}],"curies":[{"name":"wp","href":"https:\/\/api.w.org\/{rel}","templated":true}]}}