{"id":13616,"date":"2022-09-09T12:29:21","date_gmt":"2022-09-09T12:29:21","guid":{"rendered":"https:\/\/skin2go.r-s.space\/product\/awp-pop-awp\/"},"modified":"2025-08-21T13:53:10","modified_gmt":"2025-08-21T13:53:10","slug":"awp-pop-awp","status":"publish","type":"product","link":"https:\/\/skintrade.org\/pt-pt\/produto\/awp-pop-awp\/","title":{"rendered":"POP AWP"},"content":{"rendered":"<p>O corpo da espingarda foi pintado com um padr\u00e3o geom\u00e9trico abstracto caracterizado por inscri\u00e7\u00f5es em russo. O esquema de cores da skin inclui branco, vermelho, preto e v\u00e1rios tons de azul e roxo. As partes individuais do corpo, incluindo o cano e a mira, permanecem sem pintura.<\/p>\n","protected":false},"excerpt":{"rendered":"<p>O corpo da espingarda foi pintado com um padr\u00e3o geom\u00e9trico abstracto caracterizado por inscri\u00e7\u00f5es em russo. O esquema de cores da skin inclui branco, vermelho, preto e v\u00e1rios tons de azul e roxo. As partes individuais do corpo, incluindo o cano e a mira, permanecem sem pintura.<\/p>\n","protected":false},"featured_media":12091,"template":"","meta":[],"product_brand":[],"product_cat":[279,333,269],"product_tag":[],"class_list":{"0":"post-13616","1":"product","2":"type-product","3":"status-publish","4":"has-post-thumbnail","6":"product_cat-a-colecao-train-2021","7":"product_cat-awp-pt-pt","8":"product_cat-espingarda","9":"pa_rarity-restrito","10":"pa_start-three-stars-pt-pt","11":"pa_subcategories-awp-pt-pt","13":"first","14":"instock","15":"shipping-taxable","16":"purchasable","17":"product-type-simple"},"_links":{"self":[{"href":"https:\/\/skintrade.org\/pt-pt\/wp-json\/wp\/v2\/product\/13616","targetHints":{"allow":["GET"]}}],"collection":[{"href":"https:\/\/skintrade.org\/pt-pt\/wp-json\/wp\/v2\/product"}],"about":[{"href":"https:\/\/skintrade.org\/pt-pt\/wp-json\/wp\/v2\/types\/product"}],"wp:featuredmedia":[{"embeddable":true,"href":"https:\/\/skintrade.org\/pt-pt\/wp-json\/wp\/v2\/media\/12091"}],"wp:attachment":[{"href":"https:\/\/skintrade.org\/pt-pt\/wp-json\/wp\/v2\/media?parent=13616"}],"wp:term":[{"taxonomy":"product_brand","embeddable":true,"href":"https:\/\/skintrade.org\/pt-pt\/wp-json\/wp\/v2\/product_brand?post=13616"},{"taxonomy":"product_cat","embeddable":true,"href":"https:\/\/skintrade.org\/pt-pt\/wp-json\/wp\/v2\/product_cat?post=13616"},{"taxonomy":"product_tag","embeddable":true,"href":"https:\/\/skintrade.org\/pt-pt\/wp-json\/wp\/v2\/product_tag?post=13616"}],"curies":[{"name":"wp","href":"https:\/\/api.w.org\/{rel}","templated":true}]}}