{"id":13615,"date":"2022-09-09T12:34:08","date_gmt":"2022-09-09T12:34:08","guid":{"rendered":"https:\/\/skin2go.r-s.space\/product\/cz75-auto-syndicate\/"},"modified":"2025-08-21T13:52:44","modified_gmt":"2025-08-21T13:52:44","slug":"cz75-auto-syndicate","status":"publish","type":"product","link":"https:\/\/skintrade.org\/pt-pt\/produto\/cz75-auto-syndicate\/","title":{"rendered":"Syndicate"},"content":{"rendered":"<p>Esta CZ75-Auto foi pintada num estilo &#8220;Gunsmith&#8221;, com o acabamento Syndicate. Este estilo usa uma combina\u00e7\u00e3o de p\u00e1tina e estilos de pintura personalizados. A cor prim\u00e1ria desta skin \u00e9 composta por uma tonalidade amarela.<\/p>\n","protected":false},"excerpt":{"rendered":"<p>Esta CZ75-Auto foi pintada num estilo &#8220;Gunsmith&#8221;, com o acabamento Syndicate. Este estilo usa uma combina\u00e7\u00e3o de p\u00e1tina e estilos de pintura personalizados. A cor prim\u00e1ria desta skin \u00e9 composta por uma tonalidade amarela.<\/p>\n","protected":false},"featured_media":12097,"template":"","meta":[],"product_brand":[],"product_cat":[279,322,321],"product_tag":[],"class_list":{"0":"post-13615","1":"product","2":"type-product","3":"status-publish","4":"has-post-thumbnail","6":"product_cat-a-colecao-train-2021","7":"product_cat-cz75-auto-pt-pt","8":"product_cat-pistolas","9":"pa_rarity-restrito","10":"pa_start-four-stars-pt-pt","11":"pa_subcategories-cz75-auto-pt-pt","13":"first","14":"instock","15":"shipping-taxable","16":"purchasable","17":"product-type-simple"},"_links":{"self":[{"href":"https:\/\/skintrade.org\/pt-pt\/wp-json\/wp\/v2\/product\/13615","targetHints":{"allow":["GET"]}}],"collection":[{"href":"https:\/\/skintrade.org\/pt-pt\/wp-json\/wp\/v2\/product"}],"about":[{"href":"https:\/\/skintrade.org\/pt-pt\/wp-json\/wp\/v2\/types\/product"}],"wp:featuredmedia":[{"embeddable":true,"href":"https:\/\/skintrade.org\/pt-pt\/wp-json\/wp\/v2\/media\/12097"}],"wp:attachment":[{"href":"https:\/\/skintrade.org\/pt-pt\/wp-json\/wp\/v2\/media?parent=13615"}],"wp:term":[{"taxonomy":"product_brand","embeddable":true,"href":"https:\/\/skintrade.org\/pt-pt\/wp-json\/wp\/v2\/product_brand?post=13615"},{"taxonomy":"product_cat","embeddable":true,"href":"https:\/\/skintrade.org\/pt-pt\/wp-json\/wp\/v2\/product_cat?post=13615"},{"taxonomy":"product_tag","embeddable":true,"href":"https:\/\/skintrade.org\/pt-pt\/wp-json\/wp\/v2\/product_tag?post=13615"}],"curies":[{"name":"wp","href":"https:\/\/api.w.org\/{rel}","templated":true}]}}