{"id":13614,"date":"2022-09-09T12:36:27","date_gmt":"2022-09-09T12:36:27","guid":{"rendered":"https:\/\/skin2go.r-s.space\/product\/mp5-sd-autumn-twilly\/"},"modified":"2025-08-21T13:52:43","modified_gmt":"2025-08-21T13:52:43","slug":"mp5-sd-autumn-twilly","status":"publish","type":"product","link":"https:\/\/skintrade.org\/pt-pt\/produto\/mp5-sd-autumn-twilly\/","title":{"rendered":"Autumn Twilly"},"content":{"rendered":"<p>A carro\u00e7aria deste SMG foi pintada com um padr\u00e3o abstracto de numerosos elementos gr\u00e1ficos. O esquema de cores da skin inclui v\u00e1rios tons de castanho e bege. A pega \u00e9 pintada de preto s\u00f3lido. A coronha \u00e9 revestida com uma tinta semi-brilhante castanha avermelhada.<\/p>\n","protected":false},"excerpt":{"rendered":"<p>A carro\u00e7aria deste SMG foi pintada com um padr\u00e3o abstracto de numerosos elementos gr\u00e1ficos. O esquema de cores da skin inclui v\u00e1rios tons de castanho e bege. A pega \u00e9 pintada de preto s\u00f3lido. A coronha \u00e9 revestida com uma tinta semi-brilhante castanha avermelhada.<\/p>\n","protected":false},"featured_media":12100,"template":"","meta":[],"product_brand":[],"product_cat":[279,344,342],"product_tag":[],"class_list":{"0":"post-13614","1":"product","2":"type-product","3":"status-publish","4":"has-post-thumbnail","6":"product_cat-a-colecao-train-2021","7":"product_cat-mp5-sd-pt-pt","8":"product_cat-submetralhadoras","9":"pa_rarity-restrito","10":"pa_start-four-stars-pt-pt","11":"pa_subcategories-p2000-pt-pt","13":"first","14":"instock","15":"shipping-taxable","16":"purchasable","17":"product-type-simple"},"_links":{"self":[{"href":"https:\/\/skintrade.org\/pt-pt\/wp-json\/wp\/v2\/product\/13614","targetHints":{"allow":["GET"]}}],"collection":[{"href":"https:\/\/skintrade.org\/pt-pt\/wp-json\/wp\/v2\/product"}],"about":[{"href":"https:\/\/skintrade.org\/pt-pt\/wp-json\/wp\/v2\/types\/product"}],"wp:featuredmedia":[{"embeddable":true,"href":"https:\/\/skintrade.org\/pt-pt\/wp-json\/wp\/v2\/media\/12100"}],"wp:attachment":[{"href":"https:\/\/skintrade.org\/pt-pt\/wp-json\/wp\/v2\/media?parent=13614"}],"wp:term":[{"taxonomy":"product_brand","embeddable":true,"href":"https:\/\/skintrade.org\/pt-pt\/wp-json\/wp\/v2\/product_brand?post=13614"},{"taxonomy":"product_cat","embeddable":true,"href":"https:\/\/skintrade.org\/pt-pt\/wp-json\/wp\/v2\/product_cat?post=13614"},{"taxonomy":"product_tag","embeddable":true,"href":"https:\/\/skintrade.org\/pt-pt\/wp-json\/wp\/v2\/product_tag?post=13614"}],"curies":[{"name":"wp","href":"https:\/\/api.w.org\/{rel}","templated":true}]}}