{"id":13611,"date":"2022-09-12T07:49:34","date_gmt":"2022-09-12T07:49:34","guid":{"rendered":"https:\/\/skin2go.r-s.space\/product\/m4a1-s-fizzy-pop\/"},"modified":"2025-08-21T13:52:40","modified_gmt":"2025-08-21T13:52:40","slug":"m4a1-s-fizzy-pop","status":"publish","type":"product","link":"https:\/\/skintrade.org\/pt-pt\/produto\/m4a1-s-fizzy-pop\/","title":{"rendered":"Fizzy POP"},"content":{"rendered":"<p>O corpo da espingarda, o silenciador e o carregador foram pintados com um padr\u00e3o geom\u00e9trico abstracto e apresentam inscri\u00e7\u00f5es em russo. O esquema de cores da skin inclui tons de bege e castanho.<\/p>\n","protected":false},"excerpt":{"rendered":"<p>O corpo da espingarda, o silenciador e o carregador foram pintados com um padr\u00e3o geom\u00e9trico abstracto e apresentam inscri\u00e7\u00f5es em russo. O esquema de cores da skin inclui tons de bege e castanho.<\/p>\n","protected":false},"featured_media":12106,"template":"","meta":[],"product_brand":[],"product_cat":[279,269,337],"product_tag":[],"class_list":{"0":"post-13611","1":"product","2":"type-product","3":"status-publish","4":"has-post-thumbnail","6":"product_cat-a-colecao-train-2021","7":"product_cat-espingarda","8":"product_cat-m4a1-s-pt-pt","9":"pa_rarity-padrao-militar","10":"pa_start-one-star-pt-pt","11":"pa_subcategories-m4a1-s-pt-pt","13":"first","14":"instock","15":"shipping-taxable","16":"purchasable","17":"product-type-simple"},"_links":{"self":[{"href":"https:\/\/skintrade.org\/pt-pt\/wp-json\/wp\/v2\/product\/13611","targetHints":{"allow":["GET"]}}],"collection":[{"href":"https:\/\/skintrade.org\/pt-pt\/wp-json\/wp\/v2\/product"}],"about":[{"href":"https:\/\/skintrade.org\/pt-pt\/wp-json\/wp\/v2\/types\/product"}],"wp:featuredmedia":[{"embeddable":true,"href":"https:\/\/skintrade.org\/pt-pt\/wp-json\/wp\/v2\/media\/12106"}],"wp:attachment":[{"href":"https:\/\/skintrade.org\/pt-pt\/wp-json\/wp\/v2\/media?parent=13611"}],"wp:term":[{"taxonomy":"product_brand","embeddable":true,"href":"https:\/\/skintrade.org\/pt-pt\/wp-json\/wp\/v2\/product_brand?post=13611"},{"taxonomy":"product_cat","embeddable":true,"href":"https:\/\/skintrade.org\/pt-pt\/wp-json\/wp\/v2\/product_cat?post=13611"},{"taxonomy":"product_tag","embeddable":true,"href":"https:\/\/skintrade.org\/pt-pt\/wp-json\/wp\/v2\/product_tag?post=13611"}],"curies":[{"name":"wp","href":"https:\/\/api.w.org\/{rel}","templated":true}]}}