{"id":13610,"date":"2022-09-12T07:43:25","date_gmt":"2022-09-12T07:43:25","guid":{"rendered":"https:\/\/skin2go.r-s.space\/product\/p2000-space-race\/"},"modified":"2025-08-21T13:52:45","modified_gmt":"2025-08-21T13:52:45","slug":"p2000-space-race","status":"publish","type":"product","link":"https:\/\/skintrade.org\/pt-pt\/produto\/p2000-space-race\/","title":{"rendered":"Space Race"},"content":{"rendered":"<p>O corpo da pistola foi pintado com um padr\u00e3o geom\u00e9trico abstracto nas cores castanho e bege. O desenho apresenta imagens de estrelas e sat\u00e9lites.<\/p>\n","protected":false},"excerpt":{"rendered":"<p>O corpo da pistola foi pintado com um padr\u00e3o geom\u00e9trico abstracto nas cores castanho e bege. O desenho apresenta imagens de estrelas e sat\u00e9lites.<\/p>\n","protected":false},"featured_media":12103,"template":"","meta":[],"product_brand":[],"product_cat":[279,327,321],"product_tag":[],"class_list":{"0":"post-13610","1":"product","2":"type-product","3":"status-publish","4":"has-post-thumbnail","6":"product_cat-a-colecao-train-2021","7":"product_cat-p2000-pt-pt","8":"product_cat-pistolas","9":"pa_rarity-restrito","10":"pa_start-four-stars-pt-pt","11":"pa_subcategories-p2000-pt-pt","13":"first","14":"instock","15":"shipping-taxable","16":"purchasable","17":"product-type-simple"},"_links":{"self":[{"href":"https:\/\/skintrade.org\/pt-pt\/wp-json\/wp\/v2\/product\/13610","targetHints":{"allow":["GET"]}}],"collection":[{"href":"https:\/\/skintrade.org\/pt-pt\/wp-json\/wp\/v2\/product"}],"about":[{"href":"https:\/\/skintrade.org\/pt-pt\/wp-json\/wp\/v2\/types\/product"}],"wp:featuredmedia":[{"embeddable":true,"href":"https:\/\/skintrade.org\/pt-pt\/wp-json\/wp\/v2\/media\/12103"}],"wp:attachment":[{"href":"https:\/\/skintrade.org\/pt-pt\/wp-json\/wp\/v2\/media?parent=13610"}],"wp:term":[{"taxonomy":"product_brand","embeddable":true,"href":"https:\/\/skintrade.org\/pt-pt\/wp-json\/wp\/v2\/product_brand?post=13610"},{"taxonomy":"product_cat","embeddable":true,"href":"https:\/\/skintrade.org\/pt-pt\/wp-json\/wp\/v2\/product_cat?post=13610"},{"taxonomy":"product_tag","embeddable":true,"href":"https:\/\/skintrade.org\/pt-pt\/wp-json\/wp\/v2\/product_tag?post=13610"}],"curies":[{"name":"wp","href":"https:\/\/api.w.org\/{rel}","templated":true}]}}