{"id":13609,"date":"2022-09-12T07:52:22","date_gmt":"2022-09-12T07:52:22","guid":{"rendered":"https:\/\/skin2go.r-s.space\/product\/desert-eagle-sputnik\/"},"modified":"2025-08-21T13:52:44","modified_gmt":"2025-08-21T13:52:44","slug":"desert-eagle-sputnik","status":"publish","type":"product","link":"https:\/\/skintrade.org\/pt-pt\/produto\/desert-eagle-sputnik\/","title":{"rendered":"Sputnik"},"content":{"rendered":"<p>O corpo da pistola foi pintado com um padr\u00e3o geom\u00e9trico abstracto num esquema de cores azul e bege. O desenho apresenta imagens de estrelas e sat\u00e9lites.<\/p>\n","protected":false},"excerpt":{"rendered":"<p>O corpo da pistola foi pintado com um padr\u00e3o geom\u00e9trico abstracto num esquema de cores azul e bege. O desenho apresenta imagens de estrelas e sat\u00e9lites.<\/p>\n","protected":false},"featured_media":12109,"template":"","meta":[],"product_brand":[],"product_cat":[279,323,321],"product_tag":[],"class_list":{"0":"post-13609","1":"product","2":"type-product","3":"status-publish","4":"has-post-thumbnail","6":"product_cat-a-colecao-train-2021","7":"product_cat-desert-eagle-pt-pt","8":"product_cat-pistolas","9":"pa_rarity-padrao-militar","10":"pa_start-four-stars-pt-pt","11":"pa_subcategories-desert-eagle-pt-pt","13":"first","14":"instock","15":"shipping-taxable","16":"purchasable","17":"product-type-simple"},"_links":{"self":[{"href":"https:\/\/skintrade.org\/pt-pt\/wp-json\/wp\/v2\/product\/13609","targetHints":{"allow":["GET"]}}],"collection":[{"href":"https:\/\/skintrade.org\/pt-pt\/wp-json\/wp\/v2\/product"}],"about":[{"href":"https:\/\/skintrade.org\/pt-pt\/wp-json\/wp\/v2\/types\/product"}],"wp:featuredmedia":[{"embeddable":true,"href":"https:\/\/skintrade.org\/pt-pt\/wp-json\/wp\/v2\/media\/12109"}],"wp:attachment":[{"href":"https:\/\/skintrade.org\/pt-pt\/wp-json\/wp\/v2\/media?parent=13609"}],"wp:term":[{"taxonomy":"product_brand","embeddable":true,"href":"https:\/\/skintrade.org\/pt-pt\/wp-json\/wp\/v2\/product_brand?post=13609"},{"taxonomy":"product_cat","embeddable":true,"href":"https:\/\/skintrade.org\/pt-pt\/wp-json\/wp\/v2\/product_cat?post=13609"},{"taxonomy":"product_tag","embeddable":true,"href":"https:\/\/skintrade.org\/pt-pt\/wp-json\/wp\/v2\/product_tag?post=13609"}],"curies":[{"name":"wp","href":"https:\/\/api.w.org\/{rel}","templated":true}]}}