{"id":13608,"date":"2022-09-12T07:54:12","date_gmt":"2022-09-12T07:54:12","guid":{"rendered":"https:\/\/skin2go.r-s.space\/product\/r8-revolver-blaze\/"},"modified":"2025-08-21T13:52:39","modified_gmt":"2025-08-21T13:52:39","slug":"r8-revolver-blaze","status":"publish","type":"product","link":"https:\/\/skintrade.org\/pt-pt\/produto\/r8-revolver-blaze\/","title":{"rendered":"Blaze"},"content":{"rendered":"<p>Este R8 Revolver foi pintado num estilo &#8220;Anodized Airbrushed&#8221;, com o acabamento Blaze. Este estilo simula a aplica\u00e7\u00e3o do revestimento doce atrav\u00e9s de aerografia \u00e0 m\u00e3o livre. A skin foi pintada num esquema de cores laranja e amarelo.<\/p>\n","protected":false},"excerpt":{"rendered":"<p>Este R8 Revolver foi pintado num estilo &#8220;Anodized Airbrushed&#8221;, com o acabamento Blaze. Este estilo simula a aplica\u00e7\u00e3o do revestimento doce atrav\u00e9s de aerografia \u00e0 m\u00e3o livre. A skin foi pintada num esquema de cores laranja e amarelo.<\/p>\n","protected":false},"featured_media":12112,"template":"","meta":[],"product_brand":[],"product_cat":[279,321,329],"product_tag":[],"class_list":{"0":"post-13608","1":"product","2":"type-product","3":"status-publish","4":"has-post-thumbnail","6":"product_cat-a-colecao-train-2021","7":"product_cat-pistolas","8":"product_cat-r8-revolver-pt-pt","9":"pa_rarity-padrao-militar","10":"pa_subcategories-r8-revolver-pt-pt","12":"first","13":"instock","14":"shipping-taxable","15":"purchasable","16":"product-type-simple"},"_links":{"self":[{"href":"https:\/\/skintrade.org\/pt-pt\/wp-json\/wp\/v2\/product\/13608","targetHints":{"allow":["GET"]}}],"collection":[{"href":"https:\/\/skintrade.org\/pt-pt\/wp-json\/wp\/v2\/product"}],"about":[{"href":"https:\/\/skintrade.org\/pt-pt\/wp-json\/wp\/v2\/types\/product"}],"wp:featuredmedia":[{"embeddable":true,"href":"https:\/\/skintrade.org\/pt-pt\/wp-json\/wp\/v2\/media\/12112"}],"wp:attachment":[{"href":"https:\/\/skintrade.org\/pt-pt\/wp-json\/wp\/v2\/media?parent=13608"}],"wp:term":[{"taxonomy":"product_brand","embeddable":true,"href":"https:\/\/skintrade.org\/pt-pt\/wp-json\/wp\/v2\/product_brand?post=13608"},{"taxonomy":"product_cat","embeddable":true,"href":"https:\/\/skintrade.org\/pt-pt\/wp-json\/wp\/v2\/product_cat?post=13608"},{"taxonomy":"product_tag","embeddable":true,"href":"https:\/\/skintrade.org\/pt-pt\/wp-json\/wp\/v2\/product_tag?post=13608"}],"curies":[{"name":"wp","href":"https:\/\/api.w.org\/{rel}","templated":true}]}}