{"id":13606,"date":"2022-09-12T09:07:27","date_gmt":"2022-09-12T09:07:27","guid":{"rendered":"https:\/\/skin2go.r-s.space\/product\/ssg-08-spring-twilly\/"},"modified":"2025-08-21T13:52:37","modified_gmt":"2025-08-21T13:52:37","slug":"ssg-08-spring-twilly","status":"publish","type":"product","link":"https:\/\/skintrade.org\/pt-pt\/produto\/ssg-08-spring-twilly\/","title":{"rendered":"Spring Twilly"},"content":{"rendered":"<p>O corpo da espingarda foi pintado com um padr\u00e3o abstracto de v\u00e1rios elementos gr\u00e1ficos. O esquema de cores da skin \u00e9 composto por preto, branco e v\u00e1rios tons de verde. A mira foi pintada de branco. O cano e as partes individuais do corpo permanecem sem pintura.<\/p>\n","protected":false},"excerpt":{"rendered":"<p>O corpo da espingarda foi pintado com um padr\u00e3o abstracto de v\u00e1rios elementos gr\u00e1ficos. O esquema de cores da skin \u00e9 composto por preto, branco e v\u00e1rios tons de verde. A mira foi pintada de branco. O cano e as partes individuais do corpo permanecem sem pintura.<\/p>\n","protected":false},"featured_media":12115,"template":"","meta":[],"product_brand":[],"product_cat":[279,269,341],"product_tag":[],"class_list":{"0":"post-13606","1":"product","2":"type-product","3":"status-publish","4":"has-post-thumbnail","6":"product_cat-a-colecao-train-2021","7":"product_cat-espingarda","8":"product_cat-ssg-08-pt-pt","9":"pa_rarity-padrao-militar","10":"pa_start-three-stars-pt-pt","11":"pa_subcategories-ssg-08-pt-pt","13":"first","14":"instock","15":"shipping-taxable","16":"purchasable","17":"product-type-simple"},"_links":{"self":[{"href":"https:\/\/skintrade.org\/pt-pt\/wp-json\/wp\/v2\/product\/13606","targetHints":{"allow":["GET"]}}],"collection":[{"href":"https:\/\/skintrade.org\/pt-pt\/wp-json\/wp\/v2\/product"}],"about":[{"href":"https:\/\/skintrade.org\/pt-pt\/wp-json\/wp\/v2\/types\/product"}],"wp:featuredmedia":[{"embeddable":true,"href":"https:\/\/skintrade.org\/pt-pt\/wp-json\/wp\/v2\/media\/12115"}],"wp:attachment":[{"href":"https:\/\/skintrade.org\/pt-pt\/wp-json\/wp\/v2\/media?parent=13606"}],"wp:term":[{"taxonomy":"product_brand","embeddable":true,"href":"https:\/\/skintrade.org\/pt-pt\/wp-json\/wp\/v2\/product_brand?post=13606"},{"taxonomy":"product_cat","embeddable":true,"href":"https:\/\/skintrade.org\/pt-pt\/wp-json\/wp\/v2\/product_cat?post=13606"},{"taxonomy":"product_tag","embeddable":true,"href":"https:\/\/skintrade.org\/pt-pt\/wp-json\/wp\/v2\/product_tag?post=13606"}],"curies":[{"name":"wp","href":"https:\/\/api.w.org\/{rel}","templated":true}]}}