{"id":13605,"date":"2022-09-12T09:36:42","date_gmt":"2022-09-12T09:36:42","guid":{"rendered":"https:\/\/skin2go.r-s.space\/product\/aug-amber-fade\/"},"modified":"2025-08-21T13:52:45","modified_gmt":"2025-08-21T13:52:45","slug":"aug-amber-fade","status":"publish","type":"product","link":"https:\/\/skintrade.org\/pt-pt\/produto\/aug-amber-fade\/","title":{"rendered":"Amber Fade"},"content":{"rendered":"<p>O corpo da espingarda foi cromado e revestido com tintas transl\u00facidas que criam transi\u00e7\u00f5es de gradiente. O esquema de cores inclui v\u00e1rios tons de verde, amarelo e laranja. As partes individuais do corpo, incluindo o cano, o carregador e a mira, permanecem sem pintura.<\/p>\n","protected":false},"excerpt":{"rendered":"<p>O corpo da espingarda foi cromado e revestido com tintas transl\u00facidas que criam transi\u00e7\u00f5es de gradiente. O esquema de cores inclui v\u00e1rios tons de verde, amarelo e laranja. As partes individuais do corpo, incluindo o cano, o carregador e a mira, permanecem sem pintura.<\/p>\n","protected":false},"featured_media":12118,"template":"","meta":[],"product_brand":[],"product_cat":[279,332,269],"product_tag":[],"class_list":{"0":"post-13605","1":"product","2":"type-product","3":"status-publish","4":"has-post-thumbnail","6":"product_cat-a-colecao-train-2021","7":"product_cat-aug-pt-pt","8":"product_cat-espingarda","9":"pa_rarity-padrao-militar","10":"pa_start-five-stars-pt-pt","11":"pa_subcategories-aug-pt-pt","13":"first","14":"instock","15":"shipping-taxable","16":"purchasable","17":"product-type-simple"},"_links":{"self":[{"href":"https:\/\/skintrade.org\/pt-pt\/wp-json\/wp\/v2\/product\/13605","targetHints":{"allow":["GET"]}}],"collection":[{"href":"https:\/\/skintrade.org\/pt-pt\/wp-json\/wp\/v2\/product"}],"about":[{"href":"https:\/\/skintrade.org\/pt-pt\/wp-json\/wp\/v2\/types\/product"}],"wp:featuredmedia":[{"embeddable":true,"href":"https:\/\/skintrade.org\/pt-pt\/wp-json\/wp\/v2\/media\/12118"}],"wp:attachment":[{"href":"https:\/\/skintrade.org\/pt-pt\/wp-json\/wp\/v2\/media?parent=13605"}],"wp:term":[{"taxonomy":"product_brand","embeddable":true,"href":"https:\/\/skintrade.org\/pt-pt\/wp-json\/wp\/v2\/product_brand?post=13605"},{"taxonomy":"product_cat","embeddable":true,"href":"https:\/\/skintrade.org\/pt-pt\/wp-json\/wp\/v2\/product_cat?post=13605"},{"taxonomy":"product_tag","embeddable":true,"href":"https:\/\/skintrade.org\/pt-pt\/wp-json\/wp\/v2\/product_tag?post=13605"}],"curies":[{"name":"wp","href":"https:\/\/api.w.org\/{rel}","templated":true}]}}