{"id":13602,"date":"2022-09-12T09:49:41","date_gmt":"2022-09-12T09:49:41","guid":{"rendered":"https:\/\/skin2go.r-s.space\/product\/ak-47-gold-arabesque\/"},"modified":"2023-04-28T08:43:31","modified_gmt":"2023-04-28T08:43:31","slug":"ak-47-gold-arabesque","status":"publish","type":"product","link":"https:\/\/skintrade.org\/pt-pt\/produto\/ak-47-gold-arabesque\/","title":{"rendered":"Gold Arabesque"},"content":{"rendered":"<p>O corpo da espingarda foi revestido com tinta dourada. O carregador apresenta um ornamento floral gravado. O guarda-m\u00e3o e a coronha s\u00e3o de madeira e est\u00e3o decorados com entalhes tradicionais \u00e1rabes.<\/p>\n","protected":false},"excerpt":{"rendered":"<p>O corpo da espingarda foi revestido com tinta dourada. O carregador apresenta um ornamento floral gravado. O guarda-m\u00e3o e a coronha s\u00e3o de madeira e est\u00e3o decorados com entalhes tradicionais \u00e1rabes.<\/p>\n","protected":false},"featured_media":12127,"template":"","meta":[],"product_brand":[],"product_cat":[277,268,269],"product_tag":[],"class_list":{"0":"post-13602","1":"product","2":"type-product","3":"status-publish","4":"has-post-thumbnail","6":"product_cat-a-colecao-dust-2-2021","7":"product_cat-ak-47-pt-pt-espingarda","8":"product_cat-espingarda","9":"pa_rarity-secreto","10":"pa_start-four-stars-pt-pt","11":"pa_subcategories-ak-47-pt-pt","13":"first","14":"instock","15":"shipping-taxable","16":"purchasable","17":"product-type-simple"},"_links":{"self":[{"href":"https:\/\/skintrade.org\/pt-pt\/wp-json\/wp\/v2\/product\/13602","targetHints":{"allow":["GET"]}}],"collection":[{"href":"https:\/\/skintrade.org\/pt-pt\/wp-json\/wp\/v2\/product"}],"about":[{"href":"https:\/\/skintrade.org\/pt-pt\/wp-json\/wp\/v2\/types\/product"}],"wp:featuredmedia":[{"embeddable":true,"href":"https:\/\/skintrade.org\/pt-pt\/wp-json\/wp\/v2\/media\/12127"}],"wp:attachment":[{"href":"https:\/\/skintrade.org\/pt-pt\/wp-json\/wp\/v2\/media?parent=13602"}],"wp:term":[{"taxonomy":"product_brand","embeddable":true,"href":"https:\/\/skintrade.org\/pt-pt\/wp-json\/wp\/v2\/product_brand?post=13602"},{"taxonomy":"product_cat","embeddable":true,"href":"https:\/\/skintrade.org\/pt-pt\/wp-json\/wp\/v2\/product_cat?post=13602"},{"taxonomy":"product_tag","embeddable":true,"href":"https:\/\/skintrade.org\/pt-pt\/wp-json\/wp\/v2\/product_tag?post=13602"}],"curies":[{"name":"wp","href":"https:\/\/api.w.org\/{rel}","templated":true}]}}