{"id":13601,"date":"2022-09-12T09:40:47","date_gmt":"2022-09-12T09:40:47","guid":{"rendered":"https:\/\/skin2go.r-s.space\/product\/ump-45-full-stop\/"},"modified":"2025-08-21T13:52:38","modified_gmt":"2025-08-21T13:52:38","slug":"ump-45-full-stop","status":"publish","type":"product","link":"https:\/\/skintrade.org\/pt-pt\/produto\/ump-45-full-stop\/","title":{"rendered":"Full Stop"},"content":{"rendered":"<p>O corpo da submetralhadora foi pintado com um padr\u00e3o de camuflagem num esquema de cores vermelho e castanho. A coronha e o punho est\u00e3o pintados de preto s\u00f3lido. O carregador e as partes individuais da arma permanecem sem pintura.<\/p>\n","protected":false},"excerpt":{"rendered":"<p>O corpo da submetralhadora foi pintado com um padr\u00e3o de camuflagem num esquema de cores vermelho e castanho. A coronha e o punho est\u00e3o pintados de preto s\u00f3lido. O carregador e as partes individuais da arma permanecem sem pintura.<\/p>\n","protected":false},"featured_media":12124,"template":"","meta":[],"product_brand":[],"product_cat":[279,342,349],"product_tag":[],"class_list":{"0":"post-13601","1":"product","2":"type-product","3":"status-publish","4":"has-post-thumbnail","6":"product_cat-a-colecao-train-2021","7":"product_cat-submetralhadoras","8":"product_cat-ump-45-pt-pt","9":"pa_rarity-padrao-militar","10":"pa_start-five-stars-pt-pt","11":"pa_subcategories-ump-45-pt-pt","13":"first","14":"instock","15":"shipping-taxable","16":"purchasable","17":"product-type-simple"},"_links":{"self":[{"href":"https:\/\/skintrade.org\/pt-pt\/wp-json\/wp\/v2\/product\/13601","targetHints":{"allow":["GET"]}}],"collection":[{"href":"https:\/\/skintrade.org\/pt-pt\/wp-json\/wp\/v2\/product"}],"about":[{"href":"https:\/\/skintrade.org\/pt-pt\/wp-json\/wp\/v2\/types\/product"}],"wp:featuredmedia":[{"embeddable":true,"href":"https:\/\/skintrade.org\/pt-pt\/wp-json\/wp\/v2\/media\/12124"}],"wp:attachment":[{"href":"https:\/\/skintrade.org\/pt-pt\/wp-json\/wp\/v2\/media?parent=13601"}],"wp:term":[{"taxonomy":"product_brand","embeddable":true,"href":"https:\/\/skintrade.org\/pt-pt\/wp-json\/wp\/v2\/product_brand?post=13601"},{"taxonomy":"product_cat","embeddable":true,"href":"https:\/\/skintrade.org\/pt-pt\/wp-json\/wp\/v2\/product_cat?post=13601"},{"taxonomy":"product_tag","embeddable":true,"href":"https:\/\/skintrade.org\/pt-pt\/wp-json\/wp\/v2\/product_tag?post=13601"}],"curies":[{"name":"wp","href":"https:\/\/api.w.org\/{rel}","templated":true}]}}