{"id":13600,"date":"2022-09-12T09:38:33","date_gmt":"2022-09-12T09:38:33","guid":{"rendered":"https:\/\/skin2go.r-s.space\/product\/tec-9-safety-net\/"},"modified":"2025-08-21T13:52:37","modified_gmt":"2025-08-21T13:52:37","slug":"tec-9-safety-net","status":"publish","type":"product","link":"https:\/\/skintrade.org\/pt-pt\/produto\/tec-9-safety-net\/","title":{"rendered":"Safety Net"},"content":{"rendered":"<p>O corpo da pistola foi pintado com spray em v\u00e1rios tons de cinzento e complementado por um padr\u00e3o de malha laranja. O carregador \u00e9 pintado de preto mate.<\/p>\n","protected":false},"excerpt":{"rendered":"<p>O corpo da pistola foi pintado com spray em v\u00e1rios tons de cinzento e complementado por um padr\u00e3o de malha laranja. O carregador \u00e9 pintado de preto mate.<\/p>\n","protected":false},"featured_media":12121,"template":"","meta":[],"product_brand":[],"product_cat":[279,321,330],"product_tag":[],"class_list":{"0":"post-13600","1":"product","2":"type-product","3":"status-publish","4":"has-post-thumbnail","6":"product_cat-a-colecao-train-2021","7":"product_cat-pistolas","8":"product_cat-tec-9-pt-pt","9":"pa_rarity-padrao-militar","10":"pa_start-two-stars-pt-pt","11":"pa_subcategories-tec-9-pt-pt","13":"first","14":"instock","15":"shipping-taxable","16":"purchasable","17":"product-type-simple"},"_links":{"self":[{"href":"https:\/\/skintrade.org\/pt-pt\/wp-json\/wp\/v2\/product\/13600","targetHints":{"allow":["GET"]}}],"collection":[{"href":"https:\/\/skintrade.org\/pt-pt\/wp-json\/wp\/v2\/product"}],"about":[{"href":"https:\/\/skintrade.org\/pt-pt\/wp-json\/wp\/v2\/types\/product"}],"wp:featuredmedia":[{"embeddable":true,"href":"https:\/\/skintrade.org\/pt-pt\/wp-json\/wp\/v2\/media\/12121"}],"wp:attachment":[{"href":"https:\/\/skintrade.org\/pt-pt\/wp-json\/wp\/v2\/media?parent=13600"}],"wp:term":[{"taxonomy":"product_brand","embeddable":true,"href":"https:\/\/skintrade.org\/pt-pt\/wp-json\/wp\/v2\/product_brand?post=13600"},{"taxonomy":"product_cat","embeddable":true,"href":"https:\/\/skintrade.org\/pt-pt\/wp-json\/wp\/v2\/product_cat?post=13600"},{"taxonomy":"product_tag","embeddable":true,"href":"https:\/\/skintrade.org\/pt-pt\/wp-json\/wp\/v2\/product_tag?post=13600"}],"curies":[{"name":"wp","href":"https:\/\/api.w.org\/{rel}","templated":true}]}}