{"id":13598,"date":"2022-09-12T09:51:55","date_gmt":"2022-09-12T09:51:55","guid":{"rendered":"https:\/\/skin2go.r-s.space\/product\/ump-45-fade\/"},"modified":"2025-08-21T13:52:09","modified_gmt":"2025-08-21T13:52:09","slug":"ump-45-fade","status":"publish","type":"product","link":"https:\/\/skintrade.org\/pt-pt\/produto\/ump-45-fade\/","title":{"rendered":"Fade"},"content":{"rendered":"<p>A carro\u00e7aria deste SMG \u00e9 cromada e revestida com tintas transl\u00facidas que criam transi\u00e7\u00f5es de gradiente. O esquema de cores da skin inclui v\u00e1rios tons de roxo, rosa e amarelo. As partes individuais da arma permanecem sem pintura.<\/p>\n","protected":false},"excerpt":{"rendered":"<p>A carro\u00e7aria deste SMG \u00e9 cromada e revestida com tintas transl\u00facidas que criam transi\u00e7\u00f5es de gradiente. O esquema de cores da skin inclui v\u00e1rios tons de roxo, rosa e amarelo. As partes individuais da arma permanecem sem pintura.<\/p>\n","protected":false},"featured_media":12130,"template":"","meta":[],"product_brand":[],"product_cat":[277,342,349],"product_tag":[],"class_list":{"0":"post-13598","1":"product","2":"type-product","3":"status-publish","4":"has-post-thumbnail","6":"product_cat-a-colecao-dust-2-2021","7":"product_cat-submetralhadoras","8":"product_cat-ump-45-pt-pt","9":"pa_rarity-confidencial","10":"pa_subcategories-ump-45-pt-pt","12":"first","13":"instock","14":"shipping-taxable","15":"purchasable","16":"product-type-simple"},"_links":{"self":[{"href":"https:\/\/skintrade.org\/pt-pt\/wp-json\/wp\/v2\/product\/13598","targetHints":{"allow":["GET"]}}],"collection":[{"href":"https:\/\/skintrade.org\/pt-pt\/wp-json\/wp\/v2\/product"}],"about":[{"href":"https:\/\/skintrade.org\/pt-pt\/wp-json\/wp\/v2\/types\/product"}],"wp:featuredmedia":[{"embeddable":true,"href":"https:\/\/skintrade.org\/pt-pt\/wp-json\/wp\/v2\/media\/12130"}],"wp:attachment":[{"href":"https:\/\/skintrade.org\/pt-pt\/wp-json\/wp\/v2\/media?parent=13598"}],"wp:term":[{"taxonomy":"product_brand","embeddable":true,"href":"https:\/\/skintrade.org\/pt-pt\/wp-json\/wp\/v2\/product_brand?post=13598"},{"taxonomy":"product_cat","embeddable":true,"href":"https:\/\/skintrade.org\/pt-pt\/wp-json\/wp\/v2\/product_cat?post=13598"},{"taxonomy":"product_tag","embeddable":true,"href":"https:\/\/skintrade.org\/pt-pt\/wp-json\/wp\/v2\/product_tag?post=13598"}],"curies":[{"name":"wp","href":"https:\/\/api.w.org\/{rel}","templated":true}]}}