{"id":13593,"date":"2022-09-12T10:01:59","date_gmt":"2022-09-12T10:01:59","guid":{"rendered":"https:\/\/skin2go.r-s.space\/product\/galil-ar-amber-fade\/"},"modified":"2023-04-28T08:35:07","modified_gmt":"2023-04-28T08:35:07","slug":"galil-ar-amber-fade","status":"publish","type":"product","link":"https:\/\/skintrade.org\/pt-pt\/produto\/galil-ar-amber-fade\/","title":{"rendered":"Amber Fade"},"content":{"rendered":"<p>O receptor da espingarda foi cromado e revestido com tintas transl\u00facidas que criam transi\u00e7\u00f5es de gradiente. O esquema de cores inclui v\u00e1rios tons de verde, amarelo e laranja. O resto da arma permanece sem pintura.<\/p>\n","protected":false},"excerpt":{"rendered":"<p>O receptor da espingarda foi cromado e revestido com tintas transl\u00facidas que criam transi\u00e7\u00f5es de gradiente. O esquema de cores inclui v\u00e1rios tons de verde, amarelo e laranja. O resto da arma permanece sem pintura.<\/p>\n","protected":false},"featured_media":12145,"template":"","meta":[],"product_brand":[],"product_cat":[277,269,336],"product_tag":[],"class_list":{"0":"post-13593","1":"product","2":"type-product","3":"status-publish","4":"has-post-thumbnail","6":"product_cat-a-colecao-dust-2-2021","7":"product_cat-espingarda","8":"product_cat-galil-ar-pt-pt","9":"pa_rarity-padrao-militar","10":"pa_start-five-stars-pt-pt","11":"pa_subcategories-galil-ar-pt-pt","13":"first","14":"instock","15":"shipping-taxable","16":"purchasable","17":"product-type-simple"},"_links":{"self":[{"href":"https:\/\/skintrade.org\/pt-pt\/wp-json\/wp\/v2\/product\/13593","targetHints":{"allow":["GET"]}}],"collection":[{"href":"https:\/\/skintrade.org\/pt-pt\/wp-json\/wp\/v2\/product"}],"about":[{"href":"https:\/\/skintrade.org\/pt-pt\/wp-json\/wp\/v2\/types\/product"}],"wp:featuredmedia":[{"embeddable":true,"href":"https:\/\/skintrade.org\/pt-pt\/wp-json\/wp\/v2\/media\/12145"}],"wp:attachment":[{"href":"https:\/\/skintrade.org\/pt-pt\/wp-json\/wp\/v2\/media?parent=13593"}],"wp:term":[{"taxonomy":"product_brand","embeddable":true,"href":"https:\/\/skintrade.org\/pt-pt\/wp-json\/wp\/v2\/product_brand?post=13593"},{"taxonomy":"product_cat","embeddable":true,"href":"https:\/\/skintrade.org\/pt-pt\/wp-json\/wp\/v2\/product_cat?post=13593"},{"taxonomy":"product_tag","embeddable":true,"href":"https:\/\/skintrade.org\/pt-pt\/wp-json\/wp\/v2\/product_tag?post=13593"}],"curies":[{"name":"wp","href":"https:\/\/api.w.org\/{rel}","templated":true}]}}