{"id":13591,"date":"2022-09-12T09:57:19","date_gmt":"2022-09-12T09:57:19","guid":{"rendered":"https:\/\/skin2go.r-s.space\/product\/m4a4-red-ddpat\/"},"modified":"2025-08-21T13:52:03","modified_gmt":"2025-08-21T13:52:03","slug":"m4a4-red-ddpat","status":"publish","type":"product","link":"https:\/\/skintrade.org\/pt-pt\/produto\/m4a4-red-ddpat\/","title":{"rendered":"Red DDPAT"},"content":{"rendered":"<p>O corpo da espingarda foi pintado com um padr\u00e3o digital disruptivo cinzento e vermelho. O punho \u00e9 cinzento. O guarda-m\u00e3o e a coronha est\u00e3o pintados de vermelho s\u00f3lido.<\/p>\n","protected":false},"excerpt":{"rendered":"<p>O corpo da espingarda foi pintado com um padr\u00e3o digital disruptivo cinzento e vermelho. O punho \u00e9 cinzento. O guarda-m\u00e3o e a coronha est\u00e3o pintados de vermelho s\u00f3lido.<\/p>\n","protected":false},"featured_media":12139,"template":"","meta":[],"product_brand":[],"product_cat":[277,269,338],"product_tag":[],"class_list":{"0":"post-13591","1":"product","2":"type-product","3":"status-publish","4":"has-post-thumbnail","6":"product_cat-a-colecao-dust-2-2021","7":"product_cat-espingarda","8":"product_cat-m4a4-pt-pt","9":"pa_rarity-restrito","10":"pa_start-five-stars-pt-pt","11":"pa_subcategories-m4a4-pt-pt","13":"first","14":"instock","15":"shipping-taxable","16":"purchasable","17":"product-type-simple"},"_links":{"self":[{"href":"https:\/\/skintrade.org\/pt-pt\/wp-json\/wp\/v2\/product\/13591","targetHints":{"allow":["GET"]}}],"collection":[{"href":"https:\/\/skintrade.org\/pt-pt\/wp-json\/wp\/v2\/product"}],"about":[{"href":"https:\/\/skintrade.org\/pt-pt\/wp-json\/wp\/v2\/types\/product"}],"wp:featuredmedia":[{"embeddable":true,"href":"https:\/\/skintrade.org\/pt-pt\/wp-json\/wp\/v2\/media\/12139"}],"wp:attachment":[{"href":"https:\/\/skintrade.org\/pt-pt\/wp-json\/wp\/v2\/media?parent=13591"}],"wp:term":[{"taxonomy":"product_brand","embeddable":true,"href":"https:\/\/skintrade.org\/pt-pt\/wp-json\/wp\/v2\/product_brand?post=13591"},{"taxonomy":"product_cat","embeddable":true,"href":"https:\/\/skintrade.org\/pt-pt\/wp-json\/wp\/v2\/product_cat?post=13591"},{"taxonomy":"product_tag","embeddable":true,"href":"https:\/\/skintrade.org\/pt-pt\/wp-json\/wp\/v2\/product_tag?post=13591"}],"curies":[{"name":"wp","href":"https:\/\/api.w.org\/{rel}","templated":true}]}}