{"id":13590,"date":"2022-09-12T10:05:53","date_gmt":"2022-09-12T10:05:53","guid":{"rendered":"https:\/\/skin2go.r-s.space\/product\/nova-quick-sand\/"},"modified":"2025-08-21T13:52:10","modified_gmt":"2025-08-21T13:52:10","slug":"nova-quick-sand","status":"publish","type":"product","link":"https:\/\/skintrade.org\/pt-pt\/produto\/nova-quick-sand\/","title":{"rendered":"Quick Sand"},"content":{"rendered":"<p>O receptor e a coronha desta espingarda foram pintados com um padr\u00e3o abstracto de pinceladas de diferentes tamanhos. O esquema de cores do padr\u00e3o considera o azul e v\u00e1rios tons de bege. O guarda-m\u00e3o \u00e9 pintado de bege s\u00f3lido. O cano \u00e9 azul escuro.<\/p>\n","protected":false},"excerpt":{"rendered":"<p>O receptor e a coronha desta espingarda foram pintados com um padr\u00e3o abstracto de pinceladas de diferentes tamanhos. O esquema de cores do padr\u00e3o considera o azul e v\u00e1rios tons de bege. O guarda-m\u00e3o \u00e9 pintado de bege s\u00f3lido. O cano \u00e9 azul escuro.<\/p>\n","protected":false},"featured_media":12151,"template":"","meta":[],"product_brand":[],"product_cat":[277,294,298],"product_tag":[],"class_list":{"0":"post-13590","1":"product","2":"type-product","3":"status-publish","4":"has-post-thumbnail","6":"product_cat-a-colecao-dust-2-2021","7":"product_cat-arma-pesada","8":"product_cat-nova-pt-pt","9":"pa_rarity-padrao-militar","10":"pa_start-four-stars-pt-pt","11":"pa_subcategories-nova-pt-pt","13":"first","14":"instock","15":"shipping-taxable","16":"purchasable","17":"product-type-simple"},"_links":{"self":[{"href":"https:\/\/skintrade.org\/pt-pt\/wp-json\/wp\/v2\/product\/13590","targetHints":{"allow":["GET"]}}],"collection":[{"href":"https:\/\/skintrade.org\/pt-pt\/wp-json\/wp\/v2\/product"}],"about":[{"href":"https:\/\/skintrade.org\/pt-pt\/wp-json\/wp\/v2\/types\/product"}],"wp:featuredmedia":[{"embeddable":true,"href":"https:\/\/skintrade.org\/pt-pt\/wp-json\/wp\/v2\/media\/12151"}],"wp:attachment":[{"href":"https:\/\/skintrade.org\/pt-pt\/wp-json\/wp\/v2\/media?parent=13590"}],"wp:term":[{"taxonomy":"product_brand","embeddable":true,"href":"https:\/\/skintrade.org\/pt-pt\/wp-json\/wp\/v2\/product_brand?post=13590"},{"taxonomy":"product_cat","embeddable":true,"href":"https:\/\/skintrade.org\/pt-pt\/wp-json\/wp\/v2\/product_cat?post=13590"},{"taxonomy":"product_tag","embeddable":true,"href":"https:\/\/skintrade.org\/pt-pt\/wp-json\/wp\/v2\/product_tag?post=13590"}],"curies":[{"name":"wp","href":"https:\/\/api.w.org\/{rel}","templated":true}]}}