{"id":13589,"date":"2022-09-12T10:04:06","date_gmt":"2022-09-12T10:04:06","guid":{"rendered":"https:\/\/skin2go.r-s.space\/product\/p250-black-tan\/"},"modified":"2025-08-21T13:52:05","modified_gmt":"2025-08-21T13:52:05","slug":"p250-black-tan","status":"publish","type":"product","link":"https:\/\/skintrade.org\/pt-pt\/produto\/p250-black-tan\/","title":{"rendered":"Black &#038; Tan"},"content":{"rendered":"<p>Esta P250 foi pintada num estilo &#8220;Hidrogr\u00e1fico&#8221;, com o acabamento Black &#038; Tan. As pe\u00e7as desmontadas da arma s\u00e3o baixadas atrav\u00e9s de uma pel\u00edcula hidrogr\u00e1fica flutuante na superf\u00edcie de um tanque de \u00e1gua. A pel\u00edcula adere \u00e0s pe\u00e7as de armas preparadas, cobrindo a superf\u00edcie com um padr\u00e3o. Dito isto, esta skin em particular foi pintada maioritariamente em tons de cinzento. O aspecto do acabamento Black &#038; Tan \u00e9 afectado skin seu \u00edndice de padr\u00e3o.<\/p>\n","protected":false},"excerpt":{"rendered":"<p>Esta P250 foi pintada num estilo &#8220;Hidrogr\u00e1fico&#8221;, com o acabamento Black &#038; Tan. As pe\u00e7as desmontadas da arma s\u00e3o baixadas atrav\u00e9s de uma pel\u00edcula hidrogr\u00e1fica flutuante na superf\u00edcie de um tanque de \u00e1gua. A pel\u00edcula adere \u00e0s pe\u00e7as de armas preparadas, cobrindo a superf\u00edcie com um padr\u00e3o. Dito isto, esta skin em particular foi pintada [&#8230;]\n","protected":false},"featured_media":12148,"template":"","meta":[],"product_brand":[],"product_cat":[277,328,321],"product_tag":[],"class_list":{"0":"post-13589","1":"product","2":"type-product","3":"status-publish","4":"has-post-thumbnail","6":"product_cat-a-colecao-dust-2-2021","7":"product_cat-p250-pt-pt","8":"product_cat-pistolas","9":"pa_rarity-padrao-militar","10":"pa_start-five-stars-pt-pt","11":"pa_subcategories-p250-pt-pt","13":"first","14":"instock","15":"shipping-taxable","16":"purchasable","17":"product-type-simple"},"_links":{"self":[{"href":"https:\/\/skintrade.org\/pt-pt\/wp-json\/wp\/v2\/product\/13589","targetHints":{"allow":["GET"]}}],"collection":[{"href":"https:\/\/skintrade.org\/pt-pt\/wp-json\/wp\/v2\/product"}],"about":[{"href":"https:\/\/skintrade.org\/pt-pt\/wp-json\/wp\/v2\/types\/product"}],"wp:featuredmedia":[{"embeddable":true,"href":"https:\/\/skintrade.org\/pt-pt\/wp-json\/wp\/v2\/media\/12148"}],"wp:attachment":[{"href":"https:\/\/skintrade.org\/pt-pt\/wp-json\/wp\/v2\/media?parent=13589"}],"wp:term":[{"taxonomy":"product_brand","embeddable":true,"href":"https:\/\/skintrade.org\/pt-pt\/wp-json\/wp\/v2\/product_brand?post=13589"},{"taxonomy":"product_cat","embeddable":true,"href":"https:\/\/skintrade.org\/pt-pt\/wp-json\/wp\/v2\/product_cat?post=13589"},{"taxonomy":"product_tag","embeddable":true,"href":"https:\/\/skintrade.org\/pt-pt\/wp-json\/wp\/v2\/product_tag?post=13589"}],"curies":[{"name":"wp","href":"https:\/\/api.w.org\/{rel}","templated":true}]}}