{"id":13588,"date":"2022-09-12T10:08:37","date_gmt":"2022-09-12T10:08:37","guid":{"rendered":"https:\/\/skin2go.r-s.space\/product\/g3sg1-new-roots\/"},"modified":"2025-08-21T13:52:11","modified_gmt":"2025-08-21T13:52:11","slug":"g3sg1-new-roots","status":"publish","type":"product","link":"https:\/\/skintrade.org\/pt-pt\/produto\/g3sg1-new-roots\/","title":{"rendered":"New Roots"},"content":{"rendered":"<p>O corpo da espingarda foi pintado com um intrincado padr\u00e3o floral de vinhas, flores e folhas entrela\u00e7adas. O esquema de cores do padr\u00e3o considera v\u00e1rios tons de verde e castanho. O cano, o carregador e a parte de tr\u00e1s da coronha permanecem sem pintura.<\/p>\n","protected":false},"excerpt":{"rendered":"<p>O corpo da espingarda foi pintado com um intrincado padr\u00e3o floral de vinhas, flores e folhas entrela\u00e7adas. O esquema de cores do padr\u00e3o considera v\u00e1rios tons de verde e castanho. O cano, o carregador e a parte de tr\u00e1s da coronha permanecem sem pintura.<\/p>\n","protected":false},"featured_media":12154,"template":"","meta":[],"product_brand":[],"product_cat":[277,269,335],"product_tag":[],"class_list":{"0":"post-13588","1":"product","2":"type-product","3":"status-publish","4":"has-post-thumbnail","6":"product_cat-a-colecao-dust-2-2021","7":"product_cat-espingarda","8":"product_cat-g3sg1-pt-pt","9":"pa_rarity-padrao-militar","10":"pa_subcategories-g3sg1-pt-pt","12":"first","13":"instock","14":"shipping-taxable","15":"purchasable","16":"product-type-simple"},"_links":{"self":[{"href":"https:\/\/skintrade.org\/pt-pt\/wp-json\/wp\/v2\/product\/13588","targetHints":{"allow":["GET"]}}],"collection":[{"href":"https:\/\/skintrade.org\/pt-pt\/wp-json\/wp\/v2\/product"}],"about":[{"href":"https:\/\/skintrade.org\/pt-pt\/wp-json\/wp\/v2\/types\/product"}],"wp:featuredmedia":[{"embeddable":true,"href":"https:\/\/skintrade.org\/pt-pt\/wp-json\/wp\/v2\/media\/12154"}],"wp:attachment":[{"href":"https:\/\/skintrade.org\/pt-pt\/wp-json\/wp\/v2\/media?parent=13588"}],"wp:term":[{"taxonomy":"product_brand","embeddable":true,"href":"https:\/\/skintrade.org\/pt-pt\/wp-json\/wp\/v2\/product_brand?post=13588"},{"taxonomy":"product_cat","embeddable":true,"href":"https:\/\/skintrade.org\/pt-pt\/wp-json\/wp\/v2\/product_cat?post=13588"},{"taxonomy":"product_tag","embeddable":true,"href":"https:\/\/skintrade.org\/pt-pt\/wp-json\/wp\/v2\/product_tag?post=13588"}],"curies":[{"name":"wp","href":"https:\/\/api.w.org\/{rel}","templated":true}]}}