{"id":13587,"date":"2022-09-12T10:11:49","date_gmt":"2022-09-12T10:11:49","guid":{"rendered":"https:\/\/skin2go.r-s.space\/product\/aug-spalted-wood\/"},"modified":"2025-08-21T13:52:05","modified_gmt":"2025-08-21T13:52:05","slug":"aug-spalted-wood","status":"publish","type":"product","link":"https:\/\/skintrade.org\/pt-pt\/produto\/aug-spalted-wood\/","title":{"rendered":"Spalted Wood"},"content":{"rendered":"<p>O corpo da espingarda foi pintado com um padr\u00e3o abstracto castanho que lembra a textura da madeira. O carregador est\u00e1 pintado de castanho s\u00f3lido. O cano e a mira permanecem sem pintura.<\/p>\n","protected":false},"excerpt":{"rendered":"<p>O corpo da espingarda foi pintado com um padr\u00e3o abstracto castanho que lembra a textura da madeira. O carregador est\u00e1 pintado de castanho s\u00f3lido. O cano e a mira permanecem sem pintura.<\/p>\n","protected":false},"featured_media":12160,"template":"","meta":[],"product_brand":[],"product_cat":[277,332,269],"product_tag":[],"class_list":{"0":"post-13587","1":"product","2":"type-product","3":"status-publish","4":"has-post-thumbnail","6":"product_cat-a-colecao-dust-2-2021","7":"product_cat-aug-pt-pt","8":"product_cat-espingarda","9":"pa_rarity-padrao-industrial","10":"pa_start-four-stars-pt-pt","11":"pa_subcategories-aug-pt-pt","13":"first","14":"instock","15":"shipping-taxable","16":"purchasable","17":"product-type-simple"},"_links":{"self":[{"href":"https:\/\/skintrade.org\/pt-pt\/wp-json\/wp\/v2\/product\/13587","targetHints":{"allow":["GET"]}}],"collection":[{"href":"https:\/\/skintrade.org\/pt-pt\/wp-json\/wp\/v2\/product"}],"about":[{"href":"https:\/\/skintrade.org\/pt-pt\/wp-json\/wp\/v2\/types\/product"}],"wp:featuredmedia":[{"embeddable":true,"href":"https:\/\/skintrade.org\/pt-pt\/wp-json\/wp\/v2\/media\/12160"}],"wp:attachment":[{"href":"https:\/\/skintrade.org\/pt-pt\/wp-json\/wp\/v2\/media?parent=13587"}],"wp:term":[{"taxonomy":"product_brand","embeddable":true,"href":"https:\/\/skintrade.org\/pt-pt\/wp-json\/wp\/v2\/product_brand?post=13587"},{"taxonomy":"product_cat","embeddable":true,"href":"https:\/\/skintrade.org\/pt-pt\/wp-json\/wp\/v2\/product_cat?post=13587"},{"taxonomy":"product_tag","embeddable":true,"href":"https:\/\/skintrade.org\/pt-pt\/wp-json\/wp\/v2\/product_tag?post=13587"}],"curies":[{"name":"wp","href":"https:\/\/api.w.org\/{rel}","templated":true}]}}