{"id":13585,"date":"2022-09-12T10:10:15","date_gmt":"2022-09-12T10:10:15","guid":{"rendered":"https:\/\/skin2go.r-s.space\/product\/five-seven-withered-vine\/"},"modified":"2025-08-21T13:52:05","modified_gmt":"2025-08-21T13:52:05","slug":"five-seven-withered-vine","status":"publish","type":"product","link":"https:\/\/skintrade.org\/pt-pt\/produto\/five-seven-withered-vine\/","title":{"rendered":"Withered Vine"},"content":{"rendered":"<p>Todo o corpo da pistola foi pintado com um fundo abstracto castanho-vinho com um padr\u00e3o floral bege pintado por cima. Dependendo da textura sobreposta, algumas varia\u00e7\u00f5es do padr\u00e3o podem apresentar imagens de flores roxas.<\/p>\n","protected":false},"excerpt":{"rendered":"<p>Todo o corpo da pistola foi pintado com um fundo abstracto castanho-vinho com um padr\u00e3o floral bege pintado por cima. Dependendo da textura sobreposta, algumas varia\u00e7\u00f5es do padr\u00e3o podem apresentar imagens de flores roxas.<\/p>\n","protected":false},"featured_media":12157,"template":"","meta":[],"product_brand":[],"product_cat":[277,325,321],"product_tag":[],"class_list":{"0":"post-13585","1":"product","2":"type-product","3":"status-publish","4":"has-post-thumbnail","6":"product_cat-a-colecao-dust-2-2021","7":"product_cat-five-seven-pt-pt","8":"product_cat-pistolas","9":"pa_rarity-padrao-industrial","10":"pa_start-two-stars-pt-pt","11":"pa_subcategories-five-seven-pt-pt","13":"first","14":"instock","15":"shipping-taxable","16":"purchasable","17":"product-type-simple"},"_links":{"self":[{"href":"https:\/\/skintrade.org\/pt-pt\/wp-json\/wp\/v2\/product\/13585","targetHints":{"allow":["GET"]}}],"collection":[{"href":"https:\/\/skintrade.org\/pt-pt\/wp-json\/wp\/v2\/product"}],"about":[{"href":"https:\/\/skintrade.org\/pt-pt\/wp-json\/wp\/v2\/types\/product"}],"wp:featuredmedia":[{"embeddable":true,"href":"https:\/\/skintrade.org\/pt-pt\/wp-json\/wp\/v2\/media\/12157"}],"wp:attachment":[{"href":"https:\/\/skintrade.org\/pt-pt\/wp-json\/wp\/v2\/media?parent=13585"}],"wp:term":[{"taxonomy":"product_brand","embeddable":true,"href":"https:\/\/skintrade.org\/pt-pt\/wp-json\/wp\/v2\/product_brand?post=13585"},{"taxonomy":"product_cat","embeddable":true,"href":"https:\/\/skintrade.org\/pt-pt\/wp-json\/wp\/v2\/product_cat?post=13585"},{"taxonomy":"product_tag","embeddable":true,"href":"https:\/\/skintrade.org\/pt-pt\/wp-json\/wp\/v2\/product_tag?post=13585"}],"curies":[{"name":"wp","href":"https:\/\/api.w.org\/{rel}","templated":true}]}}