{"id":13583,"date":"2022-09-15T08:09:15","date_gmt":"2022-09-15T08:09:15","guid":{"rendered":"https:\/\/skin2go.r-s.space\/product\/sg-553-bleached\/"},"modified":"2023-04-28T08:20:49","modified_gmt":"2023-04-28T08:20:49","slug":"sg-553-bleached","status":"publish","type":"product","link":"https:\/\/skintrade.org\/pt-pt\/produto\/sg-553-bleached\/","title":{"rendered":"Bleached"},"content":{"rendered":"<p>Todo o corpo da espingarda foi pintado com um padr\u00e3o de cr\u00e2nios de animais espalhados aleatoriamente. O esquema de cores da skin considera v\u00e1rios tons de bege e castanho.<\/p>\n","protected":false},"excerpt":{"rendered":"<p>Todo o corpo da espingarda foi pintado com um padr\u00e3o de cr\u00e2nios de animais espalhados aleatoriamente. O esquema de cores da skin considera v\u00e1rios tons de bege e castanho.<\/p>\n","protected":false},"featured_media":12169,"template":"","meta":[],"product_brand":[],"product_cat":[277,269,340],"product_tag":[],"class_list":{"0":"post-13583","1":"product","2":"type-product","3":"status-publish","4":"has-post-thumbnail","6":"product_cat-a-colecao-dust-2-2021","7":"product_cat-espingarda","8":"product_cat-sg-553-pt-pt","9":"pa_rarity-padrao-domestico","10":"pa_start-four-stars-pt-pt","11":"pa_subcategories-sg-553-pt-pt","13":"first","14":"instock","15":"shipping-taxable","16":"purchasable","17":"product-type-simple"},"_links":{"self":[{"href":"https:\/\/skintrade.org\/pt-pt\/wp-json\/wp\/v2\/product\/13583","targetHints":{"allow":["GET"]}}],"collection":[{"href":"https:\/\/skintrade.org\/pt-pt\/wp-json\/wp\/v2\/product"}],"about":[{"href":"https:\/\/skintrade.org\/pt-pt\/wp-json\/wp\/v2\/types\/product"}],"wp:featuredmedia":[{"embeddable":true,"href":"https:\/\/skintrade.org\/pt-pt\/wp-json\/wp\/v2\/media\/12169"}],"wp:attachment":[{"href":"https:\/\/skintrade.org\/pt-pt\/wp-json\/wp\/v2\/media?parent=13583"}],"wp:term":[{"taxonomy":"product_brand","embeddable":true,"href":"https:\/\/skintrade.org\/pt-pt\/wp-json\/wp\/v2\/product_brand?post=13583"},{"taxonomy":"product_cat","embeddable":true,"href":"https:\/\/skintrade.org\/pt-pt\/wp-json\/wp\/v2\/product_cat?post=13583"},{"taxonomy":"product_tag","embeddable":true,"href":"https:\/\/skintrade.org\/pt-pt\/wp-json\/wp\/v2\/product_tag?post=13583"}],"curies":[{"name":"wp","href":"https:\/\/api.w.org\/{rel}","templated":true}]}}