{"id":13578,"date":"2022-09-15T08:23:26","date_gmt":"2022-09-15T08:23:26","guid":{"rendered":"https:\/\/skin2go.r-s.space\/product\/r8-revolver-desert-brush\/"},"modified":"2023-04-28T08:15:23","modified_gmt":"2023-04-28T08:15:23","slug":"r8-revolver-desert-brush","status":"publish","type":"product","link":"https:\/\/skintrade.org\/pt-pt\/produto\/r8-revolver-desert-brush\/","title":{"rendered":"Desert Brush"},"content":{"rendered":"<p>O corpo da pistola foi pintado com um padr\u00e3o abstracto de pinceladas de diferentes tamanhos. O esquema de cores do padr\u00e3o considera o castanho e v\u00e1rios tons de bege. O punho \u00e9 pintado de bege s\u00f3lido.<\/p>\n","protected":false},"excerpt":{"rendered":"<p>O corpo da pistola foi pintado com um padr\u00e3o abstracto de pinceladas de diferentes tamanhos. O esquema de cores do padr\u00e3o considera o castanho e v\u00e1rios tons de bege. O punho \u00e9 pintado de bege s\u00f3lido.<\/p>\n","protected":false},"featured_media":12178,"template":"","meta":[],"product_brand":[],"product_cat":[277,321,329],"product_tag":[],"class_list":{"0":"post-13578","1":"product","2":"type-product","3":"status-publish","4":"has-post-thumbnail","6":"product_cat-a-colecao-dust-2-2021","7":"product_cat-pistolas","8":"product_cat-r8-revolver-pt-pt","9":"pa_rarity-padrao-domestico","10":"pa_start-five-stars-pt-pt","11":"pa_subcategories-r8-revolver-pt-pt","13":"first","14":"instock","15":"shipping-taxable","16":"purchasable","17":"product-type-simple"},"_links":{"self":[{"href":"https:\/\/skintrade.org\/pt-pt\/wp-json\/wp\/v2\/product\/13578","targetHints":{"allow":["GET"]}}],"collection":[{"href":"https:\/\/skintrade.org\/pt-pt\/wp-json\/wp\/v2\/product"}],"about":[{"href":"https:\/\/skintrade.org\/pt-pt\/wp-json\/wp\/v2\/types\/product"}],"wp:featuredmedia":[{"embeddable":true,"href":"https:\/\/skintrade.org\/pt-pt\/wp-json\/wp\/v2\/media\/12178"}],"wp:attachment":[{"href":"https:\/\/skintrade.org\/pt-pt\/wp-json\/wp\/v2\/media?parent=13578"}],"wp:term":[{"taxonomy":"product_brand","embeddable":true,"href":"https:\/\/skintrade.org\/pt-pt\/wp-json\/wp\/v2\/product_brand?post=13578"},{"taxonomy":"product_cat","embeddable":true,"href":"https:\/\/skintrade.org\/pt-pt\/wp-json\/wp\/v2\/product_cat?post=13578"},{"taxonomy":"product_tag","embeddable":true,"href":"https:\/\/skintrade.org\/pt-pt\/wp-json\/wp\/v2\/product_tag?post=13578"}],"curies":[{"name":"wp","href":"https:\/\/api.w.org\/{rel}","templated":true}]}}