{"id":13577,"date":"2022-09-15T08:45:00","date_gmt":"2022-09-15T08:45:00","guid":{"rendered":"https:\/\/skin2go.r-s.space\/product\/sg-553-hazard-pay\/"},"modified":"2025-08-21T13:51:29","modified_gmt":"2025-08-21T13:51:29","slug":"sg-553-hazard-pay","status":"publish","type":"product","link":"https:\/\/skintrade.org\/pt-pt\/produto\/sg-553-hazard-pay\/","title":{"rendered":"Hazard Pay"},"content":{"rendered":"<p>A espingarda foi pintada com um padr\u00e3o geom\u00e9trico amarelo e preto. As partes individuais do corpo apresentam pequenos \u00edcones e acentos que imitam a fita de aviso vermelha e branca.<\/p>\n","protected":false},"excerpt":{"rendered":"<p>A espingarda foi pintada com um padr\u00e3o geom\u00e9trico amarelo e preto. As partes individuais do corpo apresentam pequenos \u00edcones e acentos que imitam a fita de aviso vermelha e branca.<\/p>\n","protected":false},"featured_media":12187,"template":"","meta":[],"product_brand":[],"product_cat":[280,269,340],"product_tag":[],"class_list":{"0":"post-13577","1":"product","2":"type-product","3":"status-publish","4":"has-post-thumbnail","6":"product_cat-a-colecao-vertigo-2021","7":"product_cat-espingarda","8":"product_cat-sg-553-pt-pt","9":"pa_rarity-confidencial","10":"pa_start-two-stars-pt-pt","11":"pa_subcategories-sg-553-pt-pt","13":"first","14":"instock","15":"shipping-taxable","16":"purchasable","17":"product-type-simple"},"_links":{"self":[{"href":"https:\/\/skintrade.org\/pt-pt\/wp-json\/wp\/v2\/product\/13577","targetHints":{"allow":["GET"]}}],"collection":[{"href":"https:\/\/skintrade.org\/pt-pt\/wp-json\/wp\/v2\/product"}],"about":[{"href":"https:\/\/skintrade.org\/pt-pt\/wp-json\/wp\/v2\/types\/product"}],"wp:featuredmedia":[{"embeddable":true,"href":"https:\/\/skintrade.org\/pt-pt\/wp-json\/wp\/v2\/media\/12187"}],"wp:attachment":[{"href":"https:\/\/skintrade.org\/pt-pt\/wp-json\/wp\/v2\/media?parent=13577"}],"wp:term":[{"taxonomy":"product_brand","embeddable":true,"href":"https:\/\/skintrade.org\/pt-pt\/wp-json\/wp\/v2\/product_brand?post=13577"},{"taxonomy":"product_cat","embeddable":true,"href":"https:\/\/skintrade.org\/pt-pt\/wp-json\/wp\/v2\/product_cat?post=13577"},{"taxonomy":"product_tag","embeddable":true,"href":"https:\/\/skintrade.org\/pt-pt\/wp-json\/wp\/v2\/product_tag?post=13577"}],"curies":[{"name":"wp","href":"https:\/\/api.w.org\/{rel}","templated":true}]}}