{"id":13575,"date":"2022-09-15T08:47:11","date_gmt":"2022-09-15T08:47:11","guid":{"rendered":"https:\/\/skin2go.r-s.space\/product\/five-seven-fall-hazard\/"},"modified":"2025-08-21T13:51:36","modified_gmt":"2025-08-21T13:51:36","slug":"five-seven-fall-hazard","status":"publish","type":"product","link":"https:\/\/skintrade.org\/pt-pt\/produto\/five-seven-fall-hazard\/","title":{"rendered":"Fall Hazard"},"content":{"rendered":"<p>Este Five-SeveN foi pintado num estilo &#8220;Custom Paint Job&#8221;, com o acabamento Fall Hazard. Este estilo permite uma apar\u00eancia extremamente personalizada numa gama completa de cores. A skin foi pintada num esquema de cores de verde e azul. \u00cdndices de padr\u00f5es diferentes n\u00e3o t\u00eam qualquer efeito no acabamento Fall Hazard.<\/p>\n","protected":false},"excerpt":{"rendered":"<p>Este Five-SeveN foi pintado num estilo &#8220;Custom Paint Job&#8221;, com o acabamento Fall Hazard. Este estilo permite uma apar\u00eancia extremamente personalizada numa gama completa de cores. A skin foi pintada num esquema de cores de verde e azul. \u00cdndices de padr\u00f5es diferentes n\u00e3o t\u00eam qualquer efeito no acabamento Fall Hazard.<\/p>\n","protected":false},"featured_media":12190,"template":"","meta":[],"product_brand":[],"product_cat":[280,325,321],"product_tag":[],"class_list":{"0":"post-13575","1":"product","2":"type-product","3":"status-publish","4":"has-post-thumbnail","6":"product_cat-a-colecao-vertigo-2021","7":"product_cat-five-seven-pt-pt","8":"product_cat-pistolas","9":"pa_rarity-confidencial","10":"pa_start-five-stars-pt-pt","11":"pa_subcategories-five-seven-pt-pt","13":"first","14":"instock","15":"shipping-taxable","16":"purchasable","17":"product-type-simple"},"_links":{"self":[{"href":"https:\/\/skintrade.org\/pt-pt\/wp-json\/wp\/v2\/product\/13575","targetHints":{"allow":["GET"]}}],"collection":[{"href":"https:\/\/skintrade.org\/pt-pt\/wp-json\/wp\/v2\/product"}],"about":[{"href":"https:\/\/skintrade.org\/pt-pt\/wp-json\/wp\/v2\/types\/product"}],"wp:featuredmedia":[{"embeddable":true,"href":"https:\/\/skintrade.org\/pt-pt\/wp-json\/wp\/v2\/media\/12190"}],"wp:attachment":[{"href":"https:\/\/skintrade.org\/pt-pt\/wp-json\/wp\/v2\/media?parent=13575"}],"wp:term":[{"taxonomy":"product_brand","embeddable":true,"href":"https:\/\/skintrade.org\/pt-pt\/wp-json\/wp\/v2\/product_brand?post=13575"},{"taxonomy":"product_cat","embeddable":true,"href":"https:\/\/skintrade.org\/pt-pt\/wp-json\/wp\/v2\/product_cat?post=13575"},{"taxonomy":"product_tag","embeddable":true,"href":"https:\/\/skintrade.org\/pt-pt\/wp-json\/wp\/v2\/product_tag?post=13575"}],"curies":[{"name":"wp","href":"https:\/\/api.w.org\/{rel}","templated":true}]}}