{"id":13574,"date":"2022-09-15T08:50:05","date_gmt":"2022-09-15T08:50:05","guid":{"rendered":"https:\/\/skin2go.r-s.space\/product\/p250-digital-architect\/"},"modified":"2025-08-21T13:51:34","modified_gmt":"2025-08-21T13:51:34","slug":"p250-digital-architect","status":"publish","type":"product","link":"https:\/\/skintrade.org\/pt-pt\/produto\/p250-digital-architect\/","title":{"rendered":"Digital Architect"},"content":{"rendered":"<p>Esta P250 foi pintada no estilo &#8220;Anodized Airbrushed&#8221;, com o acabamento Digital Architect. Este estilo emula a aplica\u00e7\u00e3o do revestimento doce atrav\u00e9s de aerografia \u00e0 m\u00e3o livre. A cor prim\u00e1ria desta skin \u00e9 composta por um tom ciano. O aspecto do acabamento Digital Architect \u00e9 afectado skin seu \u00edndice de padr\u00e3o.<\/p>\n","protected":false},"excerpt":{"rendered":"<p>Esta P250 foi pintada no estilo &#8220;Anodized Airbrushed&#8221;, com o acabamento Digital Architect. Este estilo emula a aplica\u00e7\u00e3o do revestimento doce atrav\u00e9s de aerografia \u00e0 m\u00e3o livre. A cor prim\u00e1ria desta skin \u00e9 composta por um tom ciano. O aspecto do acabamento Digital Architect \u00e9 afectado skin seu \u00edndice de padr\u00e3o.<\/p>\n","protected":false},"featured_media":12193,"template":"","meta":[],"product_brand":[],"product_cat":[280,328,321],"product_tag":[],"class_list":{"0":"post-13574","1":"product","2":"type-product","3":"status-publish","4":"has-post-thumbnail","6":"product_cat-a-colecao-vertigo-2021","7":"product_cat-p250-pt-pt","8":"product_cat-pistolas","9":"pa_rarity-restrito","10":"pa_start-four-stars-pt-pt","11":"pa_subcategories-p250-pt-pt","13":"first","14":"instock","15":"shipping-taxable","16":"purchasable","17":"product-type-simple"},"_links":{"self":[{"href":"https:\/\/skintrade.org\/pt-pt\/wp-json\/wp\/v2\/product\/13574","targetHints":{"allow":["GET"]}}],"collection":[{"href":"https:\/\/skintrade.org\/pt-pt\/wp-json\/wp\/v2\/product"}],"about":[{"href":"https:\/\/skintrade.org\/pt-pt\/wp-json\/wp\/v2\/types\/product"}],"wp:featuredmedia":[{"embeddable":true,"href":"https:\/\/skintrade.org\/pt-pt\/wp-json\/wp\/v2\/media\/12193"}],"wp:attachment":[{"href":"https:\/\/skintrade.org\/pt-pt\/wp-json\/wp\/v2\/media?parent=13574"}],"wp:term":[{"taxonomy":"product_brand","embeddable":true,"href":"https:\/\/skintrade.org\/pt-pt\/wp-json\/wp\/v2\/product_brand?post=13574"},{"taxonomy":"product_cat","embeddable":true,"href":"https:\/\/skintrade.org\/pt-pt\/wp-json\/wp\/v2\/product_cat?post=13574"},{"taxonomy":"product_tag","embeddable":true,"href":"https:\/\/skintrade.org\/pt-pt\/wp-json\/wp\/v2\/product_tag?post=13574"}],"curies":[{"name":"wp","href":"https:\/\/api.w.org\/{rel}","templated":true}]}}