{"id":13572,"date":"2022-09-15T08:54:27","date_gmt":"2022-09-15T08:54:27","guid":{"rendered":"https:\/\/skin2go.r-s.space\/product\/galil-ar-caution\/"},"modified":"2025-08-21T13:51:32","modified_gmt":"2025-08-21T13:51:32","slug":"galil-ar-caution","status":"publish","type":"product","link":"https:\/\/skintrade.org\/pt-pt\/produto\/galil-ar-caution\/","title":{"rendered":"CAUTION!"},"content":{"rendered":"<p>Todo o corpo da espingarda foi pintado com um padr\u00e3o geom\u00e9trico de riscas amarelas e pretas, com inscri\u00e7\u00f5es castanhas CUIDADO! O aspecto da skin remete para o desenho da fita de aviso.<\/p>\n","protected":false},"excerpt":{"rendered":"<p>Todo o corpo da espingarda foi pintado com um padr\u00e3o geom\u00e9trico de riscas amarelas e pretas, com inscri\u00e7\u00f5es castanhas CUIDADO! O aspecto da skin remete para o desenho da fita de aviso.<\/p>\n","protected":false},"featured_media":12199,"template":"","meta":[],"product_brand":[],"product_cat":[280,269,336],"product_tag":[],"class_list":{"0":"post-13572","1":"product","2":"type-product","3":"status-publish","4":"has-post-thumbnail","6":"product_cat-a-colecao-vertigo-2021","7":"product_cat-espingarda","8":"product_cat-galil-ar-pt-pt","9":"pa_rarity-restrito","10":"pa_subcategories-galil-ar-pt-pt","12":"first","13":"instock","14":"shipping-taxable","15":"purchasable","16":"product-type-simple"},"_links":{"self":[{"href":"https:\/\/skintrade.org\/pt-pt\/wp-json\/wp\/v2\/product\/13572","targetHints":{"allow":["GET"]}}],"collection":[{"href":"https:\/\/skintrade.org\/pt-pt\/wp-json\/wp\/v2\/product"}],"about":[{"href":"https:\/\/skintrade.org\/pt-pt\/wp-json\/wp\/v2\/types\/product"}],"wp:featuredmedia":[{"embeddable":true,"href":"https:\/\/skintrade.org\/pt-pt\/wp-json\/wp\/v2\/media\/12199"}],"wp:attachment":[{"href":"https:\/\/skintrade.org\/pt-pt\/wp-json\/wp\/v2\/media?parent=13572"}],"wp:term":[{"taxonomy":"product_brand","embeddable":true,"href":"https:\/\/skintrade.org\/pt-pt\/wp-json\/wp\/v2\/product_brand?post=13572"},{"taxonomy":"product_cat","embeddable":true,"href":"https:\/\/skintrade.org\/pt-pt\/wp-json\/wp\/v2\/product_cat?post=13572"},{"taxonomy":"product_tag","embeddable":true,"href":"https:\/\/skintrade.org\/pt-pt\/wp-json\/wp\/v2\/product_tag?post=13572"}],"curies":[{"name":"wp","href":"https:\/\/api.w.org\/{rel}","templated":true}]}}