{"id":13571,"date":"2022-09-15T08:52:19","date_gmt":"2022-09-15T08:52:19","guid":{"rendered":"https:\/\/skin2go.r-s.space\/product\/mag-7-prism-terrace\/"},"modified":"2025-08-21T13:51:29","modified_gmt":"2025-08-21T13:51:29","slug":"mag-7-prism-terrace","status":"publish","type":"product","link":"https:\/\/skintrade.org\/pt-pt\/produto\/mag-7-prism-terrace\/","title":{"rendered":"Prism Terrace"},"content":{"rendered":"<p>O corpo da espingarda foi pintado com um padr\u00e3o geom\u00e9trico que se assemelha a um labirinto volum\u00e9trico. O padr\u00e3o apresenta um efeito perolado. O esquema de cores da skin varia consoante a ilumina\u00e7\u00e3o. O cano, o guarda-m\u00e3o e as partes individuais do corpo s\u00e3o pintados de preto s\u00f3lido.<\/p>\n","protected":false},"excerpt":{"rendered":"<p>O corpo da espingarda foi pintado com um padr\u00e3o geom\u00e9trico que se assemelha a um labirinto volum\u00e9trico. O padr\u00e3o apresenta um efeito perolado. O esquema de cores da skin varia consoante a ilumina\u00e7\u00e3o. O cano, o guarda-m\u00e3o e as partes individuais do corpo s\u00e3o pintados de preto s\u00f3lido.<\/p>\n","protected":false},"featured_media":12196,"template":"","meta":[],"product_brand":[],"product_cat":[280,294,296],"product_tag":[],"class_list":{"0":"post-13571","1":"product","2":"type-product","3":"status-publish","4":"has-post-thumbnail","6":"product_cat-a-colecao-vertigo-2021","7":"product_cat-arma-pesada","8":"product_cat-mag-7-pt-pt","9":"pa_rarity-restrito","10":"pa_start-five-stars-pt-pt","11":"pa_subcategories-mag-7-pt-pt","13":"first","14":"instock","15":"shipping-taxable","16":"purchasable","17":"product-type-simple"},"_links":{"self":[{"href":"https:\/\/skintrade.org\/pt-pt\/wp-json\/wp\/v2\/product\/13571","targetHints":{"allow":["GET"]}}],"collection":[{"href":"https:\/\/skintrade.org\/pt-pt\/wp-json\/wp\/v2\/product"}],"about":[{"href":"https:\/\/skintrade.org\/pt-pt\/wp-json\/wp\/v2\/types\/product"}],"wp:featuredmedia":[{"embeddable":true,"href":"https:\/\/skintrade.org\/pt-pt\/wp-json\/wp\/v2\/media\/12196"}],"wp:attachment":[{"href":"https:\/\/skintrade.org\/pt-pt\/wp-json\/wp\/v2\/media?parent=13571"}],"wp:term":[{"taxonomy":"product_brand","embeddable":true,"href":"https:\/\/skintrade.org\/pt-pt\/wp-json\/wp\/v2\/product_brand?post=13571"},{"taxonomy":"product_cat","embeddable":true,"href":"https:\/\/skintrade.org\/pt-pt\/wp-json\/wp\/v2\/product_cat?post=13571"},{"taxonomy":"product_tag","embeddable":true,"href":"https:\/\/skintrade.org\/pt-pt\/wp-json\/wp\/v2\/product_tag?post=13571"}],"curies":[{"name":"wp","href":"https:\/\/api.w.org\/{rel}","templated":true}]}}